{"id":11810,"date":"2024-09-03T07:05:10","date_gmt":"2024-09-03T06:05:10","guid":{"rendered":"https:\/\/pastaclassflorence.com\/product\/exclusive-box\/"},"modified":"2025-06-16T11:14:14","modified_gmt":"2025-06-16T10:14:14","slug":"exclusive-box","status":"publish","type":"product","link":"https:\/\/pastaclassflorence.com\/it\/product\/exclusive-box\/","title":{"rendered":"Exclusive Box"},"content":{"rendered":"<p>Cosa include la <strong>Exclusive Box<\/strong>?<\/p>\n<ul>\n<li><strong>Pinze per pasta<\/strong>: Realizzate in acciaio inossidabile, ideali per impiattare con precisione tagliatelle, pappardelle e spaghetti, garantendo il massimo controllo e raffinatezza.<\/li>\n<li><strong>Tagliapasta<\/strong>: Realizzato in acciaio inossidabile resistente, con un manico in legno d\u2019olivo toscano, combina robustezza ed eleganza.<\/li>\n<li><strong>Spatola per pasta<\/strong>: Un perfetto equilibrio tra funzionalit\u00e0 e fascino rustico, ideale per lavorare gli impasti con precisione.<\/li>\n<li><strong>Coltello per pasta<\/strong>: Pi\u00f9 di un semplice coltello: un autentico strumento di alta qualit\u00e0 che esprime la perfetta unione tra funzionalit\u00e0 ed eleganza senza tempo.<\/li>\n<\/ul>\n","protected":false},"excerpt":{"rendered":"<p><span style=\"font-weight: 400;\">Realizzata con cura e pensata per ispirare, la Exclusive Box di Pasta Class Florence \u00e8 un set esclusivo di strumenti da cucina premium selezionati dal nostro shop. <\/span><\/p>\n<p><span style=\"font-weight: 400;\">Questa box rappresenta la perfetta fusione tra la filosofia di Pasta Class Florence e il lavoro artigianale di <a href=\"https:\/\/fabiofigusknives.com\/\">Fabio Figus Knives<\/a>, un vero maestro fiorentino nella creazione di coltelli unici.<\/span><\/p>\n","protected":false},"featured_media":16008,"comment_status":"closed","ping_status":"closed","template":"","meta":{"_acf_changed":false,"_mo_disable_npp":""},"product_brand":[],"product_cat":[62],"product_tag":[82,89,60,61,78,83,79,80],"class_list":{"0":"post-11810","1":"product","2":"type-product","3":"status-publish","4":"has-post-thumbnail","6":"product_cat-tools","7":"product_tag-exclusive-box","8":"product_tag-grid","9":"product_tag-kitchen-tools","10":"product_tag-knives","11":"product_tag-pasta-cutter","12":"product_tag-pasta-knife","13":"product_tag-pasta-spatula","14":"product_tag-pasta-tweezers","16":"first","17":"instock","18":"sale","19":"shipping-taxable","20":"purchasable","21":"product-type-simple"},"acf":[],"_links":{"self":[{"href":"https:\/\/pastaclassflorence.com\/it\/wp-json\/wp\/v2\/product\/11810","targetHints":{"allow":["GET"]}}],"collection":[{"href":"https:\/\/pastaclassflorence.com\/it\/wp-json\/wp\/v2\/product"}],"about":[{"href":"https:\/\/pastaclassflorence.com\/it\/wp-json\/wp\/v2\/types\/product"}],"replies":[{"embeddable":true,"href":"https:\/\/pastaclassflorence.com\/it\/wp-json\/wp\/v2\/comments?post=11810"}],"wp:featuredmedia":[{"embeddable":true,"href":"https:\/\/pastaclassflorence.com\/it\/wp-json\/wp\/v2\/media\/16008"}],"wp:attachment":[{"href":"https:\/\/pastaclassflorence.com\/it\/wp-json\/wp\/v2\/media?parent=11810"}],"wp:term":[{"taxonomy":"product_brand","embeddable":true,"href":"https:\/\/pastaclassflorence.com\/it\/wp-json\/wp\/v2\/product_brand?post=11810"},{"taxonomy":"product_cat","embeddable":true,"href":"https:\/\/pastaclassflorence.com\/it\/wp-json\/wp\/v2\/product_cat?post=11810"},{"taxonomy":"product_tag","embeddable":true,"href":"https:\/\/pastaclassflorence.com\/it\/wp-json\/wp\/v2\/product_tag?post=11810"}],"curies":[{"name":"wp","href":"https:\/\/api.w.org\/{rel}","templated":true}]}}