{"id":11808,"date":"2024-09-03T07:05:11","date_gmt":"2024-09-03T06:05:11","guid":{"rendered":"https:\/\/pastaclassflorence.com\/product\/coltello-per-pasta\/"},"modified":"2025-06-16T11:30:30","modified_gmt":"2025-06-16T10:30:30","slug":"coltello-per-pasta","status":"publish","type":"product","link":"https:\/\/pastaclassflorence.com\/it\/product\/coltello-per-pasta\/","title":{"rendered":"Coltello per pasta"},"content":{"rendered":"<p><span style=\"font-weight: 400;\">Perfeziona la preparazione della pasta con il nostro coltello per pasta, con un manico realizzato in pregiato legno d\u2019ulivo toscano.<br \/>\nQuesto strumento non \u00e8 solo un coltello: \u00e8 la dimostrazione del connubio tra funzionalit\u00e0 ed eleganza senza tempo.<\/span><\/p>\n<p><span style=\"font-weight: 400;\">La lama in acciaio inossidabile garantisce precisione nel taglio, mentre il manico in legno d\u2019ulivo, proveniente dal cuore della Toscana, aggiunge un tocco di bellezza naturale e autenticit\u00e0 alla tua cucina. Esalta la preparazione della pasta con questo coltello unico e finemente lavorato che incarna l\u2019essenza dell\u2019artigianato toscano.<br \/>\n<\/span><\/p>\n","protected":false},"excerpt":{"rendered":"<p><span style=\"font-weight: 400;\">Per eccellere in cucina \u00e8 fondamentale dotarsi di coltelli di alta qualit\u00e0.<\/p>\n<p>Dalla perfetta fusione tra Pasta Class Florence e FabioFigusKnives la precisione incontra l\u2019artigianalit\u00e0.<br \/>\nColtelli fatti a mano: i coltelli by Fabius Figus sono prodotti fatti a mano e richiedono 1 mese di lavorazione dal momento dell\u2019ordine, oltre ai tempi di spedizione.<br \/>\n<\/span><\/p>\n","protected":false},"featured_media":15970,"comment_status":"closed","ping_status":"closed","template":"","meta":{"_acf_changed":false,"_mo_disable_npp":""},"product_brand":[],"product_cat":[62],"product_tag":[59,60,61],"class_list":{"0":"post-11808","1":"product","2":"type-product","3":"status-publish","4":"has-post-thumbnail","6":"product_cat-tools","7":"product_tag-accessories","8":"product_tag-kitchen-tools","9":"product_tag-knives","11":"first","12":"instock","13":"shipping-taxable","14":"purchasable","15":"product-type-simple"},"acf":[],"_links":{"self":[{"href":"https:\/\/pastaclassflorence.com\/it\/wp-json\/wp\/v2\/product\/11808","targetHints":{"allow":["GET"]}}],"collection":[{"href":"https:\/\/pastaclassflorence.com\/it\/wp-json\/wp\/v2\/product"}],"about":[{"href":"https:\/\/pastaclassflorence.com\/it\/wp-json\/wp\/v2\/types\/product"}],"replies":[{"embeddable":true,"href":"https:\/\/pastaclassflorence.com\/it\/wp-json\/wp\/v2\/comments?post=11808"}],"wp:featuredmedia":[{"embeddable":true,"href":"https:\/\/pastaclassflorence.com\/it\/wp-json\/wp\/v2\/media\/15970"}],"wp:attachment":[{"href":"https:\/\/pastaclassflorence.com\/it\/wp-json\/wp\/v2\/media?parent=11808"}],"wp:term":[{"taxonomy":"product_brand","embeddable":true,"href":"https:\/\/pastaclassflorence.com\/it\/wp-json\/wp\/v2\/product_brand?post=11808"},{"taxonomy":"product_cat","embeddable":true,"href":"https:\/\/pastaclassflorence.com\/it\/wp-json\/wp\/v2\/product_cat?post=11808"},{"taxonomy":"product_tag","embeddable":true,"href":"https:\/\/pastaclassflorence.com\/it\/wp-json\/wp\/v2\/product_tag?post=11808"}],"curies":[{"name":"wp","href":"https:\/\/api.w.org\/{rel}","templated":true}]}}