{"id":11797,"date":"2024-09-24T09:30:25","date_gmt":"2024-09-24T08:30:25","guid":{"rendered":"https:\/\/pastaclassflorence.com\/product\/body-neonato-pasta-class-florence\/"},"modified":"2025-07-11T09:41:47","modified_gmt":"2025-07-11T08:41:47","slug":"body-neonato-pasta-class-florence","status":"publish","type":"product","link":"https:\/\/pastaclassflorence.com\/it\/product\/body-neonato-pasta-class-florence\/","title":{"rendered":"Body Neonato Pasta Class Florence"},"content":{"rendered":"<p>I body firmati Pasta Class Florence sono realizzati in cotone morbido e disponibili in diverse varianti.<\/p>\n<p>Questo modello, con il logo di <strong>Pasta Class Florence<\/strong>, \u00e8 il modo pi\u00f9 dolce e originale per esprimere il tuo amore per la pasta fin dalla pi\u00f9 tenera et\u00e0!<br \/>\nDisponibile anche in altre due versioni:<\/p>\n<ul>\n<li>Pasta la vista baby!<\/li>\n<li>Parlo come mangio<\/li>\n<\/ul>\n","protected":false},"excerpt":{"rendered":"<p><span style=\"font-weight: 400;\">I body per neonati sono il regalo perfetto per i piccoli amanti della cucina e della pasta!<\/span><\/p>\n","protected":false},"featured_media":11020,"comment_status":"open","ping_status":"closed","template":"","meta":{"_acf_changed":false,"_mo_disable_npp":""},"product_brand":[],"product_cat":[66],"product_tag":[],"class_list":{"0":"post-11797","1":"product","2":"type-product","3":"status-publish","4":"has-post-thumbnail","6":"product_cat-clothing","8":"first","9":"instock","10":"shipping-taxable","11":"product-type-variable"},"acf":[],"_links":{"self":[{"href":"https:\/\/pastaclassflorence.com\/it\/wp-json\/wp\/v2\/product\/11797","targetHints":{"allow":["GET"]}}],"collection":[{"href":"https:\/\/pastaclassflorence.com\/it\/wp-json\/wp\/v2\/product"}],"about":[{"href":"https:\/\/pastaclassflorence.com\/it\/wp-json\/wp\/v2\/types\/product"}],"replies":[{"embeddable":true,"href":"https:\/\/pastaclassflorence.com\/it\/wp-json\/wp\/v2\/comments?post=11797"}],"wp:featuredmedia":[{"embeddable":true,"href":"https:\/\/pastaclassflorence.com\/it\/wp-json\/wp\/v2\/media\/11020"}],"wp:attachment":[{"href":"https:\/\/pastaclassflorence.com\/it\/wp-json\/wp\/v2\/media?parent=11797"}],"wp:term":[{"taxonomy":"product_brand","embeddable":true,"href":"https:\/\/pastaclassflorence.com\/it\/wp-json\/wp\/v2\/product_brand?post=11797"},{"taxonomy":"product_cat","embeddable":true,"href":"https:\/\/pastaclassflorence.com\/it\/wp-json\/wp\/v2\/product_cat?post=11797"},{"taxonomy":"product_tag","embeddable":true,"href":"https:\/\/pastaclassflorence.com\/it\/wp-json\/wp\/v2\/product_tag?post=11797"}],"curies":[{"name":"wp","href":"https:\/\/api.w.org\/{rel}","templated":true}]}}