{"id":13245,"date":"2024-09-06T07:17:10","date_gmt":"2024-09-06T06:17:10","guid":{"rendered":"https:\/\/pastaclassflorence.com\/food\/"},"modified":"2025-10-30T16:30:38","modified_gmt":"2025-10-30T15:30:38","slug":"food","status":"publish","type":"page","link":"https:\/\/pastaclassflorence.com\/it\/food\/","title":{"rendered":"Food"},"content":{"rendered":"\t\t<div data-elementor-type=\"wp-page\" data-elementor-id=\"13245\" class=\"elementor elementor-13245 elementor-5883\" data-elementor-post-type=\"page\">\n\t\t\t\t<div class=\"elementor-element elementor-element-782eccbe e-con-full e-flex e-con e-parent\" data-id=\"782eccbe\" data-element_type=\"container\" data-e-type=\"container\" data-settings=\"{&quot;background_background&quot;:&quot;classic&quot;}\">\n\t\t<div class=\"elementor-element elementor-element-49ea3de e-con-full e-flex e-con e-child\" data-id=\"49ea3de\" data-element_type=\"container\" data-e-type=\"container\">\n\t\t\t\t<div class=\"elementor-element elementor-element-46787483 elementor-invisible elementor-widget elementor-widget-image\" data-id=\"46787483\" data-element_type=\"widget\" data-e-type=\"widget\" data-settings=\"{&quot;_animation&quot;:&quot;fadeInUp&quot;}\" data-widget_type=\"image.default\">\n\t\t\t\t\t\t\t\t\t\t\t\t\t\t\t<img fetchpriority=\"high\" decoding=\"async\" width=\"800\" height=\"534\" src=\"https:\/\/pastaclassflorence.com\/wp-content\/uploads\/2024\/09\/DSC03026-1024x683.webp\" class=\"attachment-large size-large wp-image-10980\" alt=\"\" srcset=\"https:\/\/pastaclassflorence.com\/wp-content\/uploads\/2024\/09\/DSC03026-1024x683.webp 1024w, https:\/\/pastaclassflorence.com\/wp-content\/uploads\/2024\/09\/DSC03026-600x400.webp 600w, https:\/\/pastaclassflorence.com\/wp-content\/uploads\/2024\/09\/DSC03026-300x200.webp 300w, https:\/\/pastaclassflorence.com\/wp-content\/uploads\/2024\/09\/DSC03026-768x512.webp 768w, https:\/\/pastaclassflorence.com\/wp-content\/uploads\/2024\/09\/DSC03026-1536x1024.webp 1536w, https:\/\/pastaclassflorence.com\/wp-content\/uploads\/2024\/09\/DSC03026.webp 1920w\" sizes=\"(max-width: 800px) 100vw, 800px\" \/>\t\t\t\t\t\t\t\t\t\t\t\t\t\t\t<\/div>\n\t\t\t\t<div class=\"elementor-element elementor-element-303e0df8 elementor-absolute e-transform elementor-hidden-desktop elementor-hidden-tablet elementor-widget elementor-widget-image\" data-id=\"303e0df8\" data-element_type=\"widget\" data-e-type=\"widget\" data-settings=\"{&quot;_position&quot;:&quot;absolute&quot;,&quot;motion_fx_motion_fx_scrolling&quot;:&quot;yes&quot;,&quot;motion_fx_translateY_effect&quot;:&quot;yes&quot;,&quot;motion_fx_translateY_direction&quot;:&quot;negative&quot;,&quot;motion_fx_translateY_speed&quot;:{&quot;unit&quot;:&quot;px&quot;,&quot;size&quot;:2,&quot;sizes&quot;:[]},&quot;_transform_flipX_effect&quot;:&quot;transform&quot;,&quot;motion_fx_translateY_affectedRange&quot;:{&quot;unit&quot;:&quot;%&quot;,&quot;size&quot;:&quot;&quot;,&quot;sizes&quot;:{&quot;start&quot;:0,&quot;end&quot;:100}},&quot;motion_fx_devices&quot;:[&quot;desktop&quot;,&quot;tablet&quot;,&quot;mobile&quot;]}\" data-widget_type=\"image.default\">\n\t\t\t\t\t\t\t\t\t\t\t\t\t\t\t<img decoding=\"async\" width=\"221\" height=\"263\" src=\"https:\/\/pastaclassflorence.com\/wp-content\/uploads\/2024\/09\/Tavola-disegno-30.png\" class=\"attachment-full size-full wp-image-10944\" alt=\"\" \/>\t\t\t\t\t\t\t\t\t\t\t\t\t\t\t<\/div>\n\t\t\t\t<div class=\"elementor-element elementor-element-1f2ba53d elementor-absolute e-transform elementor-hidden-desktop elementor-hidden-tablet elementor-widget elementor-widget-image\" data-id=\"1f2ba53d\" data-element_type=\"widget\" data-e-type=\"widget\" data-settings=\"{&quot;_position&quot;:&quot;absolute&quot;,&quot;motion_fx_motion_fx_scrolling&quot;:&quot;yes&quot;,&quot;motion_fx_translateY_effect&quot;:&quot;yes&quot;,&quot;motion_fx_translateY_direction&quot;:&quot;negative&quot;,&quot;_transform_flipX_effect&quot;:&quot;transform&quot;,&quot;motion_fx_translateY_speed&quot;:{&quot;unit&quot;:&quot;px&quot;,&quot;size&quot;:4,&quot;sizes&quot;:[]},&quot;motion_fx_translateY_affectedRange&quot;:{&quot;unit&quot;:&quot;%&quot;,&quot;size&quot;:&quot;&quot;,&quot;sizes&quot;:{&quot;start&quot;:0,&quot;end&quot;:100}},&quot;motion_fx_devices&quot;:[&quot;desktop&quot;,&quot;tablet&quot;,&quot;mobile&quot;]}\" data-widget_type=\"image.default\">\n\t\t\t\t\t\t\t\t\t\t\t\t\t\t\t<img decoding=\"async\" width=\"214\" height=\"355\" src=\"https:\/\/pastaclassflorence.com\/wp-content\/uploads\/2024\/09\/Tavola-disegno-31.png\" class=\"attachment-full size-full wp-image-10945\" alt=\"\" srcset=\"https:\/\/pastaclassflorence.com\/wp-content\/uploads\/2024\/09\/Tavola-disegno-31.png 214w, https:\/\/pastaclassflorence.com\/wp-content\/uploads\/2024\/09\/Tavola-disegno-31-181x300.png 181w\" sizes=\"(max-width: 214px) 100vw, 214px\" \/>\t\t\t\t\t\t\t\t\t\t\t\t\t\t\t<\/div>\n\t\t\t\t<div class=\"elementor-element elementor-element-2fa3494 elementor-absolute e-transform elementor-hidden-desktop elementor-hidden-tablet elementor-widget elementor-widget-image\" data-id=\"2fa3494\" data-element_type=\"widget\" data-e-type=\"widget\" data-settings=\"{&quot;_position&quot;:&quot;absolute&quot;,&quot;motion_fx_motion_fx_scrolling&quot;:&quot;yes&quot;,&quot;motion_fx_translateY_effect&quot;:&quot;yes&quot;,&quot;motion_fx_translateY_direction&quot;:&quot;negative&quot;,&quot;motion_fx_translateY_speed&quot;:{&quot;unit&quot;:&quot;px&quot;,&quot;size&quot;:6,&quot;sizes&quot;:[]},&quot;_transform_flipX_effect&quot;:&quot;transform&quot;,&quot;motion_fx_translateY_affectedRange&quot;:{&quot;unit&quot;:&quot;%&quot;,&quot;size&quot;:&quot;&quot;,&quot;sizes&quot;:{&quot;start&quot;:0,&quot;end&quot;:100}},&quot;motion_fx_devices&quot;:[&quot;desktop&quot;,&quot;tablet&quot;,&quot;mobile&quot;]}\" data-widget_type=\"image.default\">\n\t\t\t\t\t\t\t\t\t\t\t\t\t\t\t<img loading=\"lazy\" decoding=\"async\" width=\"195\" height=\"233\" src=\"https:\/\/pastaclassflorence.com\/wp-content\/uploads\/2024\/09\/Tavola-disegno-29.png\" class=\"attachment-full size-full wp-image-10943\" alt=\"\" \/>\t\t\t\t\t\t\t\t\t\t\t\t\t\t\t<\/div>\n\t\t\t\t<div class=\"elementor-element elementor-element-415cf3e8 elementor-invisible elementor-widget elementor-widget-heading\" data-id=\"415cf3e8\" data-element_type=\"widget\" data-e-type=\"widget\" data-settings=\"{&quot;_animation&quot;:&quot;fadeInLeft&quot;}\" data-widget_type=\"heading.default\">\n\t\t\t\t\t<h2 class=\"elementor-heading-title elementor-size-default\">FOOD<\/h2>\t\t\t\t<\/div>\n\t\t\t\t<div class=\"elementor-element elementor-element-189112c5 elementor-widget elementor-widget-text-editor\" data-id=\"189112c5\" data-element_type=\"widget\" data-e-type=\"widget\" data-widget_type=\"text-editor.default\">\n\t\t\t\t\t\t\t\t\t<p>Vuoi assaporare i sapori pi\u00f9 rappresentativi della cucina tradizionale toscana? Ti presentiamo la nostra selezione di prodotti artigianali, pensati per esaltare le tue ricette e farti assaporare un tocco di Toscana attraverso ogni piatto.<\/p>\n\t\t\t\t\t\t\t\t<\/div>\n\t\t\t\t<div class=\"elementor-element elementor-element-5c3daaf8 elementor-align-left bottone-penna elementor-widget elementor-widget-button\" data-id=\"5c3daaf8\" data-element_type=\"widget\" data-e-type=\"widget\" data-widget_type=\"button.default\">\n\t\t\t\t\t\t\t\t\t\t<a class=\"elementor-button elementor-button-link elementor-size-sm\" href=\"#prodotti\" id=\"shop\">\n\t\t\t\t\t\t<span class=\"elementor-button-content-wrapper\">\n\t\t\t\t\t\t\t\t\t<span class=\"elementor-button-text\">SCOPRI<\/span>\n\t\t\t\t\t<\/span>\n\t\t\t\t\t<\/a>\n\t\t\t\t\t\t\t\t<\/div>\n\t\t\t\t<\/div>\n\t\t<div class=\"elementor-element elementor-element-5c2e4b9 e-con-full e-flex e-con e-child\" data-id=\"5c2e4b9\" data-element_type=\"container\" data-e-type=\"container\">\n\t\t\t\t<div class=\"elementor-element elementor-element-3b96c0ac elementor-absolute e-transform elementor-hidden-mobile elementor-widget elementor-widget-image\" data-id=\"3b96c0ac\" data-element_type=\"widget\" data-e-type=\"widget\" data-settings=\"{&quot;_position&quot;:&quot;absolute&quot;,&quot;motion_fx_motion_fx_scrolling&quot;:&quot;yes&quot;,&quot;motion_fx_translateY_effect&quot;:&quot;yes&quot;,&quot;motion_fx_translateY_direction&quot;:&quot;negative&quot;,&quot;_transform_flipX_effect&quot;:&quot;transform&quot;,&quot;motion_fx_translateY_speed&quot;:{&quot;unit&quot;:&quot;px&quot;,&quot;size&quot;:4,&quot;sizes&quot;:[]},&quot;motion_fx_translateY_affectedRange&quot;:{&quot;unit&quot;:&quot;%&quot;,&quot;size&quot;:&quot;&quot;,&quot;sizes&quot;:{&quot;start&quot;:0,&quot;end&quot;:100}},&quot;motion_fx_devices&quot;:[&quot;desktop&quot;,&quot;tablet&quot;,&quot;mobile&quot;]}\" data-widget_type=\"image.default\">\n\t\t\t\t\t\t\t\t\t\t\t\t\t\t\t<img decoding=\"async\" width=\"214\" height=\"355\" src=\"https:\/\/pastaclassflorence.com\/wp-content\/uploads\/2024\/09\/Tavola-disegno-31.png\" class=\"attachment-full size-full wp-image-10945\" alt=\"\" srcset=\"https:\/\/pastaclassflorence.com\/wp-content\/uploads\/2024\/09\/Tavola-disegno-31.png 214w, https:\/\/pastaclassflorence.com\/wp-content\/uploads\/2024\/09\/Tavola-disegno-31-181x300.png 181w\" sizes=\"(max-width: 214px) 100vw, 214px\" \/>\t\t\t\t\t\t\t\t\t\t\t\t\t\t\t<\/div>\n\t\t\t\t<div class=\"elementor-element elementor-element-4e2db39 elementor-absolute e-transform elementor-hidden-mobile elementor-invisible elementor-widget elementor-widget-image\" data-id=\"4e2db39\" data-element_type=\"widget\" data-e-type=\"widget\" data-settings=\"{&quot;_position&quot;:&quot;absolute&quot;,&quot;motion_fx_motion_fx_scrolling&quot;:&quot;yes&quot;,&quot;motion_fx_translateY_effect&quot;:&quot;yes&quot;,&quot;motion_fx_translateY_direction&quot;:&quot;negative&quot;,&quot;motion_fx_translateY_speed&quot;:{&quot;unit&quot;:&quot;px&quot;,&quot;size&quot;:6,&quot;sizes&quot;:[]},&quot;_transform_flipX_effect&quot;:&quot;transform&quot;,&quot;_animation&quot;:&quot;fadeIn&quot;,&quot;_animation_delay&quot;:600,&quot;motion_fx_translateY_affectedRange&quot;:{&quot;unit&quot;:&quot;%&quot;,&quot;size&quot;:&quot;&quot;,&quot;sizes&quot;:{&quot;start&quot;:0,&quot;end&quot;:100}},&quot;motion_fx_devices&quot;:[&quot;desktop&quot;,&quot;tablet&quot;,&quot;mobile&quot;]}\" data-widget_type=\"image.default\">\n\t\t\t\t\t\t\t\t\t\t\t\t\t\t\t<img loading=\"lazy\" decoding=\"async\" width=\"195\" height=\"233\" src=\"https:\/\/pastaclassflorence.com\/wp-content\/uploads\/2024\/09\/Tavola-disegno-29.png\" class=\"attachment-full size-full wp-image-10943\" alt=\"\" \/>\t\t\t\t\t\t\t\t\t\t\t\t\t\t\t<\/div>\n\t\t\t\t<div class=\"elementor-element elementor-element-79f5bf12 elementor-absolute e-transform elementor-hidden-mobile elementor-widget elementor-widget-image\" data-id=\"79f5bf12\" data-element_type=\"widget\" data-e-type=\"widget\" data-settings=\"{&quot;_position&quot;:&quot;absolute&quot;,&quot;motion_fx_motion_fx_scrolling&quot;:&quot;yes&quot;,&quot;motion_fx_translateY_effect&quot;:&quot;yes&quot;,&quot;motion_fx_translateY_direction&quot;:&quot;negative&quot;,&quot;motion_fx_translateY_affectedRange&quot;:{&quot;unit&quot;:&quot;%&quot;,&quot;size&quot;:&quot;&quot;,&quot;sizes&quot;:{&quot;start&quot;:0,&quot;end&quot;:32}},&quot;_transform_flipX_effect&quot;:&quot;transform&quot;,&quot;motion_fx_translateY_speed&quot;:{&quot;unit&quot;:&quot;px&quot;,&quot;size&quot;:4,&quot;sizes&quot;:[]},&quot;motion_fx_devices&quot;:[&quot;desktop&quot;,&quot;tablet&quot;,&quot;mobile&quot;]}\" data-widget_type=\"image.default\">\n\t\t\t\t\t\t\t\t\t\t\t\t\t\t\t<img decoding=\"async\" width=\"221\" height=\"263\" src=\"https:\/\/pastaclassflorence.com\/wp-content\/uploads\/2024\/09\/Tavola-disegno-30.png\" class=\"attachment-full size-full wp-image-10944\" alt=\"\" \/>\t\t\t\t\t\t\t\t\t\t\t\t\t\t\t<\/div>\n\t\t\t\t<div class=\"elementor-element elementor-element-2c743ca1 elementor-hidden-mobile elementor-invisible elementor-widget elementor-widget-image\" data-id=\"2c743ca1\" data-element_type=\"widget\" data-e-type=\"widget\" data-settings=\"{&quot;_animation&quot;:&quot;fadeInUp&quot;,&quot;_animation_delay&quot;:200}\" data-widget_type=\"image.default\">\n\t\t\t\t\t\t\t\t\t\t\t\t\t\t\t<img loading=\"lazy\" decoding=\"async\" width=\"1500\" height=\"1126\" src=\"https:\/\/pastaclassflorence.com\/wp-content\/uploads\/2025\/10\/Tuscan-virgin-olive-oil.webp\" class=\"attachment-full size-full wp-image-13190\" alt=\"\" srcset=\"https:\/\/pastaclassflorence.com\/wp-content\/uploads\/2025\/10\/Tuscan-virgin-olive-oil.webp 1500w, https:\/\/pastaclassflorence.com\/wp-content\/uploads\/2025\/10\/Tuscan-virgin-olive-oil-300x225.webp 300w, https:\/\/pastaclassflorence.com\/wp-content\/uploads\/2025\/10\/Tuscan-virgin-olive-oil-1024x769.webp 1024w, https:\/\/pastaclassflorence.com\/wp-content\/uploads\/2025\/10\/Tuscan-virgin-olive-oil-768x577.webp 768w, https:\/\/pastaclassflorence.com\/wp-content\/uploads\/2025\/10\/Tuscan-virgin-olive-oil-600x450.webp 600w\" sizes=\"(max-width: 1500px) 100vw, 1500px\" \/>\t\t\t\t\t\t\t\t\t\t\t\t\t\t\t<\/div>\n\t\t\t\t<\/div>\n\t\t\t\t<\/div>\n\t\t<div class=\"elementor-element elementor-element-3944dc0e e-flex e-con-boxed e-con e-parent\" data-id=\"3944dc0e\" data-element_type=\"container\" data-e-type=\"container\" data-settings=\"{&quot;background_background&quot;:&quot;classic&quot;}\">\n\t\t\t\t\t<div class=\"e-con-inner\">\n\t\t<div class=\"elementor-element elementor-element-60a92c27 e-con-full sticky-inner-section e-flex e-con e-child\" data-id=\"60a92c27\" data-element_type=\"container\" data-e-type=\"container\">\n\t\t\t\t<div class=\"elementor-element elementor-element-381ccd06 elementor-widget elementor-widget-heading\" data-id=\"381ccd06\" data-element_type=\"widget\" data-e-type=\"widget\" data-settings=\"{&quot;_animation&quot;:&quot;none&quot;,&quot;_animation_mobile&quot;:&quot;fadeInDown&quot;}\" data-widget_type=\"heading.default\">\n\t\t\t\t\t<h2 class=\"elementor-heading-title elementor-size-default\">PASSIONE E TRADIZIONE MADE IN TUSCANY<\/h2>\t\t\t\t<\/div>\n\t\t\t\t<\/div>\n\t\t\t\t<div class=\"woocommerce elementor-element elementor-element-49a7d1e3 elementor-grid-1 elementor-grid-tablet-2 elementor-grid-mobile-1 elementor-widget elementor-widget-loop-grid\" data-id=\"49a7d1e3\" data-element_type=\"widget\" data-e-type=\"widget\" id=\"prodotti\" data-settings=\"{&quot;_skin&quot;:&quot;product&quot;,&quot;template_id&quot;:9877,&quot;columns&quot;:1,&quot;columns_tablet&quot;:&quot;2&quot;,&quot;columns_mobile&quot;:&quot;1&quot;,&quot;edit_handle_selector&quot;:&quot;[data-elementor-type=\\&quot;loop-item\\&quot;]&quot;,&quot;row_gap&quot;:{&quot;unit&quot;:&quot;px&quot;,&quot;size&quot;:&quot;&quot;,&quot;sizes&quot;:[]},&quot;row_gap_tablet&quot;:{&quot;unit&quot;:&quot;px&quot;,&quot;size&quot;:&quot;&quot;,&quot;sizes&quot;:[]},&quot;row_gap_mobile&quot;:{&quot;unit&quot;:&quot;px&quot;,&quot;size&quot;:&quot;&quot;,&quot;sizes&quot;:[]}}\" data-widget_type=\"loop-grid.product\">\n\t\t\t\t<div class=\"elementor-widget-container\">\n\t\t\t\t\t\t\t<div class=\"elementor-loop-container elementor-grid\" role=\"list\">\n\t\t<style id=\"loop-9877\">.elementor-9877 .elementor-element.elementor-element-1de98b36{--display:flex;--gap:0px 0px;--row-gap:0px;--column-gap:0px;--margin-top:0px;--margin-bottom:0px;--margin-left:0px;--margin-right:0px;--padding-top:0px;--padding-bottom:0px;--padding-left:0px;--padding-right:0px;}.elementor-widget-image .widget-image-caption{color:var( --e-global-color-text );font-family:var( --e-global-typography-text-font-family ), Sans-serif;font-size:var( --e-global-typography-text-font-size );font-weight:var( --e-global-typography-text-font-weight );}.elementor-9877 .elementor-element.elementor-element-982ee81 img{height:450px;object-fit:cover;object-position:center center;}.elementor-9877 .elementor-element.elementor-element-982ee81{background-color:#FFFFFF;}.elementor-9877 .elementor-element.elementor-element-24b32070{--display:flex;--flex-direction:row;--container-widget-width:initial;--container-widget-height:100%;--container-widget-flex-grow:1;--container-widget-align-self:stretch;--flex-wrap-mobile:wrap;--justify-content:space-between;--gap:0px 0px;--row-gap:0px;--column-gap:0px;}.elementor-widget-heading .elementor-heading-title{font-family:var( --e-global-typography-primary-font-family ), Sans-serif;font-size:var( --e-global-typography-primary-font-size );font-weight:var( --e-global-typography-primary-font-weight );line-height:var( --e-global-typography-primary-line-height );color:var( --e-global-color-primary );}.elementor-9877 .elementor-element.elementor-element-420f5187 .elementor-heading-title{font-family:\"Merriweather\", Sans-serif;font-size:20px;font-weight:600;color:var( --e-global-color-text );}.elementor-9877 .elementor-element.elementor-element-420f5187{width:var( --container-widget-width, 60% );max-width:60%;--container-widget-width:60%;--container-widget-flex-grow:0;}.elementor-9877 .elementor-element.elementor-element-5fcebb78{text-align:end;width:var( --container-widget-width, 40% );max-width:40%;--container-widget-width:40%;--container-widget-flex-grow:0;}.elementor-9877 .elementor-element.elementor-element-5fcebb78 .elementor-heading-title{font-family:\"Merriweather\", Sans-serif;font-size:20px;font-weight:600;color:var( --e-global-color-text );}@media(min-width:768px){.elementor-9877 .elementor-element.elementor-element-24b32070{--width:100%;}}@media(max-width:1024px){.elementor-widget-image .widget-image-caption{font-size:var( --e-global-typography-text-font-size );}.elementor-widget-heading .elementor-heading-title{font-size:var( --e-global-typography-primary-font-size );line-height:var( --e-global-typography-primary-line-height );}}@media(max-width:767px){.elementor-9877 .elementor-element.elementor-element-1de98b36{--content-width:100%;}.elementor-widget-image .widget-image-caption{font-size:var( --e-global-typography-text-font-size );}.elementor-9877 .elementor-element.elementor-element-982ee81 img{height:400px;object-fit:cover;object-position:center center;}.elementor-widget-heading .elementor-heading-title{font-size:var( --e-global-typography-primary-font-size );line-height:var( --e-global-typography-primary-line-height );}.elementor-9877 .elementor-element.elementor-element-420f5187 .elementor-heading-title{font-size:18px;}.elementor-9877 .elementor-element.elementor-element-420f5187{--container-widget-width:70%;--container-widget-flex-grow:0;width:var( --container-widget-width, 70% );max-width:70%;}.elementor-9877 .elementor-element.elementor-element-5fcebb78 .elementor-heading-title{font-size:18px;}.elementor-9877 .elementor-element.elementor-element-5fcebb78{--container-widget-width:30%;--container-widget-flex-grow:0;width:var( --container-widget-width, 30% );max-width:30%;}}<\/style>\t\t<div data-elementor-type=\"loop-item\" data-elementor-id=\"9877\" class=\"elementor elementor-9877 e-loop-item e-loop-item-13244 post-13244 product type-product status-publish has-post-thumbnail product_cat-food product_tag-grid product_shipping_class-free-shipping first instock shipping-taxable purchasable product-type-simple\" data-elementor-post-type=\"elementor_library\" data-custom-edit-handle=\"1\">\n\t\t\t<div class=\"elementor-element elementor-element-1de98b36 e-flex e-con-boxed e-con e-parent\" data-id=\"1de98b36\" data-element_type=\"container\" data-e-type=\"container\" data-settings=\"{&quot;background_background&quot;:&quot;classic&quot;}\">\n\t\t\t\t\t<div class=\"e-con-inner\">\n\t\t\t\t<div class=\"elementor-element elementor-element-982ee81 elementor-widget elementor-widget-image\" data-id=\"982ee81\" data-element_type=\"widget\" data-e-type=\"widget\" data-widget_type=\"image.default\">\n\t\t\t\t\t\t\t\t\t\t\t\t\t\t\t\t<a href=\"https:\/\/pastaclassflorence.com\/it\/product\/la-dispensa-toscana\/\">\n\t\t\t\t\t\t\t<img loading=\"lazy\" decoding=\"async\" width=\"1200\" height=\"1200\" src=\"https:\/\/pastaclassflorence.com\/wp-content\/uploads\/2026\/02\/Senza-titolo-16.png\" class=\"attachment-full size-full wp-image-16032\" alt=\"\" \/>\t\t\t\t\t\t\t\t<\/a>\n\t\t\t\t\t\t\t\t\t\t\t\t\t\t\t<\/div>\n\t\t<div class=\"elementor-element elementor-element-24b32070 e-con-full e-flex e-con e-child\" data-id=\"24b32070\" data-element_type=\"container\" data-e-type=\"container\">\n\t\t\t\t<div class=\"elementor-element elementor-element-420f5187 elementor-widget__width-initial elementor-widget elementor-widget-heading\" data-id=\"420f5187\" data-element_type=\"widget\" data-e-type=\"widget\" data-widget_type=\"heading.default\">\n\t\t\t\t\t<h2 class=\"elementor-heading-title elementor-size-default\"><a href=\"https:\/\/pastaclassflorence.com\/it\/product\/la-dispensa-toscana\/\">La dispensa Toscana<\/a><\/h2>\t\t\t\t<\/div>\n\t\t\t\t<div class=\"elementor-element elementor-element-5fcebb78 elementor-widget__width-initial elementor-widget elementor-widget-heading\" data-id=\"5fcebb78\" data-element_type=\"widget\" data-e-type=\"widget\" data-widget_type=\"heading.default\">\n\t\t\t\t\t<h2 class=\"elementor-heading-title elementor-size-default\"><span class=\"woocommerce-Price-amount amount\">59,00&nbsp;<span class=\"woocommerce-Price-currencySymbol\">&euro;<\/span><\/span><\/h2>\t\t\t\t<\/div>\n\t\t\t\t<\/div>\n\t\t\t\t\t<\/div>\n\t\t\t\t<\/div>\n\t\t\t\t<\/div>\n\t\t\t\t<\/div>\n\t\t\n\t\t\t\t\t\t<\/div>\n\t\t\t\t<\/div>\n\t\t\t\t<div class=\"elementor-element elementor-element-e83cda2 elementor-align-center elementor-widget elementor-widget-button\" data-id=\"e83cda2\" data-element_type=\"widget\" data-e-type=\"widget\" data-widget_type=\"button.default\">\n\t\t\t\t\t\t\t\t\t\t<a class=\"elementor-button elementor-button-link elementor-size-sm\" href=\"https:\/\/pastaclassflorence.com\/it\/product\/la-dispensa-toscana\/\">\n\t\t\t\t\t\t<span class=\"elementor-button-content-wrapper\">\n\t\t\t\t\t\t\t\t\t<span class=\"elementor-button-text\">ACQUISTA ORA<\/span>\n\t\t\t\t\t<\/span>\n\t\t\t\t\t<\/a>\n\t\t\t\t\t\t\t\t<\/div>\n\t\t\t\t\t<\/div>\n\t\t\t\t<\/div>\n\t\t<div class=\"elementor-element elementor-element-42cfd3d5 e-con-full e-flex e-con e-parent\" data-id=\"42cfd3d5\" data-element_type=\"container\" data-e-type=\"container\" data-settings=\"{&quot;background_background&quot;:&quot;classic&quot;}\">\n\t\t\t\t<div class=\"elementor-element elementor-element-147f1d28 elementor-widget elementor-widget-text-editor\" data-id=\"147f1d28\" data-element_type=\"widget\" data-e-type=\"widget\" data-widget_type=\"text-editor.default\">\n\t\t\t\t\t\t\t\t\t<p>Lasciati trasportare dai sapori della nostra terra.<\/p>\n<p>In <em>Pasta Class Florence<\/em> celebriamo l\u2019artigianalit\u00e0 e la qualit\u00e0 con una selezione di prodotti che raccontano la vera essenza della cucina toscana.<\/p>\n<p>Immergiti nei nostri sapori fatti in casa con autenticit\u00e0, qualit\u00e0 e passione. Ogni prodotto \u00e8 un invito a portare in tavola la tradizione!<\/p>\n\t\t\t\t\t\t\t\t<\/div>\n\t\t\t\t<\/div>\n\t\t<div class=\"elementor-element elementor-element-3ad5f3 e-con-full e-flex e-con e-parent\" data-id=\"3ad5f3\" data-element_type=\"container\" data-e-type=\"container\" data-settings=\"{&quot;background_background&quot;:&quot;classic&quot;}\">\n\t\t<div class=\"elementor-element elementor-element-16922719 e-con-full e-flex e-con e-child\" data-id=\"16922719\" data-element_type=\"container\" data-e-type=\"container\">\n\t\t\t\t<div class=\"elementor-element elementor-element-429233d6 elementor-invisible elementor-widget elementor-widget-heading\" data-id=\"429233d6\" data-element_type=\"widget\" data-e-type=\"widget\" data-settings=\"{&quot;_animation&quot;:&quot;fadeInLeft&quot;}\" data-widget_type=\"heading.default\">\n\t\t\t\t\t<h2 class=\"elementor-heading-title elementor-size-default\">Scopri consigli e ricette sul nostro blog<\/h2>\t\t\t\t<\/div>\n\t\t\t\t<div class=\"elementor-element elementor-element-7d76cf4d elementor-align-right bottone-penna elementor-mobile-align-center elementor-widget elementor-widget-button\" data-id=\"7d76cf4d\" data-element_type=\"widget\" data-e-type=\"widget\" data-widget_type=\"button.default\">\n\t\t\t\t\t\t\t\t\t\t<a class=\"elementor-button elementor-button-link elementor-size-sm\" href=\"https:\/\/pastaclassflorence.com\/it\/blog\/\">\n\t\t\t\t\t\t<span class=\"elementor-button-content-wrapper\">\n\t\t\t\t\t\t\t\t\t<span class=\"elementor-button-text\">SCOPRI<\/span>\n\t\t\t\t\t<\/span>\n\t\t\t\t\t<\/a>\n\t\t\t\t\t\t\t\t<\/div>\n\t\t\t\t<\/div>\n\t\t<div class=\"elementor-element elementor-element-73f170d6 e-con-full elementor-hidden-mobile e-flex e-con e-child\" data-id=\"73f170d6\" data-element_type=\"container\" data-e-type=\"container\">\n\t\t\t\t<\/div>\n\t\t\t\t<\/div>\n\t\t\t\t<\/div>\n\t\t","protected":false},"excerpt":{"rendered":"<p>FOOD Vuoi assaporare i sapori pi\u00f9 rappresentativi della cucina tradizionale toscana? Ti presentiamo la nostra selezione di prodotti artigianali, pensati per esaltare le tue ricette e farti assaporare un tocco di Toscana attraverso ogni piatto. SCOPRI PASSIONE E TRADIZIONE MADE IN TUSCANY ACQUISTA ORA Lasciati trasportare dai sapori della nostra terra. In Pasta Class Florence [&hellip;]<\/p>\n","protected":false},"author":53,"featured_media":0,"parent":0,"menu_order":0,"comment_status":"closed","ping_status":"closed","template":"","meta":{"_acf_changed":false,"_mo_disable_npp":"","footnotes":""},"class_list":["post-13245","page","type-page","status-publish","hentry"],"acf":[],"_links":{"self":[{"href":"https:\/\/pastaclassflorence.com\/it\/wp-json\/wp\/v2\/pages\/13245","targetHints":{"allow":["GET"]}}],"collection":[{"href":"https:\/\/pastaclassflorence.com\/it\/wp-json\/wp\/v2\/pages"}],"about":[{"href":"https:\/\/pastaclassflorence.com\/it\/wp-json\/wp\/v2\/types\/page"}],"author":[{"embeddable":true,"href":"https:\/\/pastaclassflorence.com\/it\/wp-json\/wp\/v2\/users\/53"}],"replies":[{"embeddable":true,"href":"https:\/\/pastaclassflorence.com\/it\/wp-json\/wp\/v2\/comments?post=13245"}],"version-history":[{"count":0,"href":"https:\/\/pastaclassflorence.com\/it\/wp-json\/wp\/v2\/pages\/13245\/revisions"}],"wp:attachment":[{"href":"https:\/\/pastaclassflorence.com\/it\/wp-json\/wp\/v2\/media?parent=13245"}],"curies":[{"name":"wp","href":"https:\/\/api.w.org\/{rel}","templated":true}]}}