{"id":11231,"date":"2024-09-10T09:45:53","date_gmt":"2024-09-10T08:45:53","guid":{"rendered":"https:\/\/pastaclassflorence.com\/virtual-classes\/"},"modified":"2025-10-27T15:53:52","modified_gmt":"2025-10-27T14:53:52","slug":"corso-cucina-online","status":"publish","type":"page","link":"https:\/\/pastaclassflorence.com\/it\/corso-cucina-online\/","title":{"rendered":"Corso cucina online"},"content":{"rendered":"\t\t<div data-elementor-type=\"wp-page\" data-elementor-id=\"11231\" class=\"elementor elementor-11231 elementor-6282\" data-elementor-post-type=\"page\">\n\t\t\t\t<div class=\"elementor-element elementor-element-8ab601c e-con-full e-flex e-con e-parent\" data-id=\"8ab601c\" data-element_type=\"container\" data-e-type=\"container\" id=\"online_classes\" data-settings=\"{&quot;background_background&quot;:&quot;classic&quot;}\">\n\t\t<div class=\"elementor-element elementor-element-1225811 e-flex e-con-boxed e-con e-child\" data-id=\"1225811\" data-element_type=\"container\" data-e-type=\"container\" data-settings=\"{&quot;background_background&quot;:&quot;classic&quot;}\">\n\t\t\t\t\t<div class=\"e-con-inner\">\n\t\t\t\t<div class=\"elementor-element elementor-element-30ab66a elementor-absolute e-transform elementor-hidden-mobile elementor-hidden-tablet elementor-widget elementor-widget-image\" data-id=\"30ab66a\" data-element_type=\"widget\" data-e-type=\"widget\" data-settings=\"{&quot;_position&quot;:&quot;absolute&quot;,&quot;motion_fx_motion_fx_scrolling&quot;:&quot;yes&quot;,&quot;motion_fx_translateY_effect&quot;:&quot;yes&quot;,&quot;motion_fx_translateY_direction&quot;:&quot;negative&quot;,&quot;_transform_flipX_effect&quot;:&quot;transform&quot;,&quot;motion_fx_translateY_speed&quot;:{&quot;unit&quot;:&quot;px&quot;,&quot;size&quot;:6,&quot;sizes&quot;:[]},&quot;motion_fx_translateY_affectedRange&quot;:{&quot;unit&quot;:&quot;%&quot;,&quot;size&quot;:&quot;&quot;,&quot;sizes&quot;:{&quot;start&quot;:0,&quot;end&quot;:100}},&quot;motion_fx_devices&quot;:[&quot;desktop&quot;,&quot;tablet&quot;,&quot;mobile&quot;]}\" data-widget_type=\"image.default\">\n\t\t\t\t\t\t\t\t\t\t\t\t\t\t\t<img fetchpriority=\"high\" decoding=\"async\" width=\"214\" height=\"355\" src=\"https:\/\/pastaclassflorence.com\/wp-content\/uploads\/2024\/09\/Tavola-disegno-31.png\" class=\"attachment-full size-full wp-image-10945\" alt=\"\" srcset=\"https:\/\/pastaclassflorence.com\/wp-content\/uploads\/2024\/09\/Tavola-disegno-31.png 214w, https:\/\/pastaclassflorence.com\/wp-content\/uploads\/2024\/09\/Tavola-disegno-31-181x300.png 181w\" sizes=\"(max-width: 214px) 100vw, 214px\" \/>\t\t\t\t\t\t\t\t\t\t\t\t\t\t\t<\/div>\n\t\t\t\t<div class=\"elementor-element elementor-element-8b0cf81 elementor-absolute e-transform elementor-hidden-mobile elementor-hidden-tablet elementor-widget elementor-widget-image\" data-id=\"8b0cf81\" data-element_type=\"widget\" data-e-type=\"widget\" data-settings=\"{&quot;_position&quot;:&quot;absolute&quot;,&quot;motion_fx_motion_fx_scrolling&quot;:&quot;yes&quot;,&quot;motion_fx_translateY_effect&quot;:&quot;yes&quot;,&quot;motion_fx_translateY_direction&quot;:&quot;negative&quot;,&quot;motion_fx_translateY_speed&quot;:{&quot;unit&quot;:&quot;px&quot;,&quot;size&quot;:3,&quot;sizes&quot;:[]},&quot;_transform_flipX_effect&quot;:&quot;transform&quot;,&quot;motion_fx_translateY_affectedRange&quot;:{&quot;unit&quot;:&quot;%&quot;,&quot;size&quot;:&quot;&quot;,&quot;sizes&quot;:{&quot;start&quot;:0,&quot;end&quot;:100}},&quot;motion_fx_devices&quot;:[&quot;desktop&quot;,&quot;tablet&quot;,&quot;mobile&quot;]}\" data-widget_type=\"image.default\">\n\t\t\t\t\t\t\t\t\t\t\t\t\t\t\t<img decoding=\"async\" width=\"195\" height=\"233\" src=\"https:\/\/pastaclassflorence.com\/wp-content\/uploads\/2024\/09\/Tavola-disegno-29.png\" class=\"attachment-full size-full wp-image-10943\" alt=\"\" \/>\t\t\t\t\t\t\t\t\t\t\t\t\t\t\t<\/div>\n\t\t\t\t<div class=\"elementor-element elementor-element-8a98978 elementor-absolute e-transform elementor-hidden-mobile elementor-hidden-tablet elementor-widget elementor-widget-image\" data-id=\"8a98978\" data-element_type=\"widget\" data-e-type=\"widget\" data-settings=\"{&quot;_position&quot;:&quot;absolute&quot;,&quot;motion_fx_motion_fx_scrolling&quot;:&quot;yes&quot;,&quot;motion_fx_translateY_effect&quot;:&quot;yes&quot;,&quot;motion_fx_translateY_direction&quot;:&quot;negative&quot;,&quot;motion_fx_translateY_affectedRange&quot;:{&quot;unit&quot;:&quot;%&quot;,&quot;size&quot;:&quot;&quot;,&quot;sizes&quot;:{&quot;start&quot;:0,&quot;end&quot;:85}},&quot;_transform_flipX_effect&quot;:&quot;transform&quot;,&quot;motion_fx_translateY_speed&quot;:{&quot;unit&quot;:&quot;px&quot;,&quot;size&quot;:4,&quot;sizes&quot;:[]},&quot;motion_fx_devices&quot;:[&quot;desktop&quot;,&quot;tablet&quot;,&quot;mobile&quot;]}\" data-widget_type=\"image.default\">\n\t\t\t\t\t\t\t\t\t\t\t\t\t\t\t<img decoding=\"async\" width=\"221\" height=\"263\" src=\"https:\/\/pastaclassflorence.com\/wp-content\/uploads\/2024\/09\/Tavola-disegno-30.png\" class=\"attachment-full size-full wp-image-10944\" alt=\"\" \/>\t\t\t\t\t\t\t\t\t\t\t\t\t\t\t<\/div>\n\t\t\t\t<div class=\"elementor-element elementor-element-875ff74 elementor-widget elementor-widget-heading\" data-id=\"875ff74\" data-element_type=\"widget\" data-e-type=\"widget\" data-widget_type=\"heading.default\">\n\t\t\t\t\t<h1 class=\"elementor-heading-title elementor-size-default\">Corso cucina online\n<\/h1>\t\t\t\t<\/div>\n\t\t<div class=\"elementor-element elementor-element-8e93c94 e-flex e-con-boxed e-con e-child\" data-id=\"8e93c94\" data-element_type=\"container\" data-e-type=\"container\">\n\t\t\t\t\t<div class=\"e-con-inner\">\n\t\t\t\t\t<\/div>\n\t\t\t\t<\/div>\n\t\t\t\t\t<\/div>\n\t\t\t\t<\/div>\n\t\t\t\t<\/div>\n\t\t<div class=\"elementor-element elementor-element-81fe59c e-con-full e-flex e-con e-parent\" data-id=\"81fe59c\" data-element_type=\"container\" data-e-type=\"container\">\n\t\t<div class=\"elementor-element elementor-element-60aca0e e-con-full e-flex e-con e-child\" data-id=\"60aca0e\" data-element_type=\"container\" data-e-type=\"container\" data-settings=\"{&quot;background_background&quot;:&quot;classic&quot;}\">\n\t\t\t\t<div class=\"elementor-element elementor-element-924ec63 elementor-widget elementor-widget-heading\" data-id=\"924ec63\" data-element_type=\"widget\" data-e-type=\"widget\" data-widget_type=\"heading.default\">\n\t\t\t\t\t<p class=\"elementor-heading-title elementor-size-default\">Partecipa a un nostro <span style=\"color: #88193e\">corso di cucina online<\/span>  e  impara a preparare autentiche ricette italiane come un professionista della cucina italiana!\n<\/p>\t\t\t\t<\/div>\n\t\t\t\t<div class=\"elementor-element elementor-element-fd87b01 elementor-widget elementor-widget-text-editor\" data-id=\"fd87b01\" data-element_type=\"widget\" data-e-type=\"widget\" data-widget_type=\"text-editor.default\">\n\t\t\t\t\t\t\t\t\t<p>Puoi entrare <strong>virtualmente<\/strong> nella nostra cucina professionale e vivere un\u2019autentica masterclass culinaria comodamente da casa tua.<\/p><p>Il nostro corso di cucina online offre una visione dettagliata di ogni fase del processo culinario, dalle tecniche di preparazione degli ingredienti fino alla presentazione finale del piatto, consentendoti di porre domande specifiche in tempo reale ai nostri chef esperti e di cucinare insieme a noi passo dopo passo per ottenere il miglior risultato possibile e padroneggiare ogni segreto della tradizione italiana.<\/p>\t\t\t\t\t\t\t\t<\/div>\n\t\t\t\t<div class=\"elementor-element elementor-element-f71e454 elementor-align-left bottone_classi elementor-mobile-align-left elementor-invisible elementor-widget elementor-widget-button\" data-id=\"f71e454\" data-element_type=\"widget\" data-e-type=\"widget\" data-settings=\"{&quot;_animation&quot;:&quot;fadeInRight&quot;}\" data-widget_type=\"button.default\">\n\t\t\t\t\t\t\t\t\t\t<a class=\"elementor-button elementor-button-link elementor-size-sm\" href=\"#form\">\n\t\t\t\t\t\t<span class=\"elementor-button-content-wrapper\">\n\t\t\t\t\t\t\t\t\t<span class=\"elementor-button-text\">Contattaci<\/span>\n\t\t\t\t\t<\/span>\n\t\t\t\t\t<\/a>\n\t\t\t\t\t\t\t\t<\/div>\n\t\t\t\t<\/div>\n\t\t<div class=\"elementor-element elementor-element-e440cb0 e-con-full e-flex e-con e-child\" data-id=\"e440cb0\" data-element_type=\"container\" data-e-type=\"container\" data-settings=\"{&quot;background_background&quot;:&quot;video&quot;,&quot;background_video_link&quot;:&quot;https:\\\/\\\/pastaclassflorence.com\\\/wp-content\\\/uploads\\\/2024\\\/09\\\/pastaclass-COOKBOOK-1.mp4&quot;,&quot;background_play_on_mobile&quot;:&quot;yes&quot;}\">\n\t\t<div class=\"elementor-background-video-container\">\n\t\t\t\t\t\t\t<video class=\"elementor-background-video-hosted\" role=\"presentation\" autoplay muted playsinline loop><\/video>\n\t\t\t\t\t<\/div>\t\t<\/div>\n\t\t\t\t<\/div>\n\t\t<div class=\"elementor-element elementor-element-92e2e70 e-con-full e-flex e-con e-parent\" data-id=\"92e2e70\" data-element_type=\"container\" data-e-type=\"container\" id=\"virtual\">\n\t\t<div class=\"elementor-element elementor-element-03806cf e-con-full e-flex e-con e-child\" data-id=\"03806cf\" data-element_type=\"container\" data-e-type=\"container\" data-settings=\"{&quot;background_background&quot;:&quot;classic&quot;}\">\n\t\t\t\t<\/div>\n\t\t<div class=\"elementor-element elementor-element-add430a e-con-full e-flex e-con e-child\" data-id=\"add430a\" data-element_type=\"container\" data-e-type=\"container\">\n\t\t\t\t<div class=\"elementor-element elementor-element-af7c48b elementor-widget elementor-widget-heading\" data-id=\"af7c48b\" data-element_type=\"widget\" data-e-type=\"widget\" data-widget_type=\"heading.default\">\n\t\t\t\t\t<p class=\"elementor-heading-title elementor-size-default\">Preparati a stupire i tuoi amici e la tua famiglia!\n<\/p>\t\t\t\t<\/div>\n\t\t\t\t<div class=\"elementor-element elementor-element-a047e2c elementor-widget elementor-widget-text-editor\" data-id=\"a047e2c\" data-element_type=\"widget\" data-e-type=\"widget\" data-widget_type=\"text-editor.default\">\n\t\t\t\t\t\t\t\t\tIl nostro chef esperto e qualificato, con anni di esperienza nella cucina tradizionale italiana, ti guider\u00e0 attentamente in ogni singola fase del processo culinario, condividendo generosamente suggerimenti professionali, trucchi del mestiere e tecniche raffinate per padroneggiare il perfetto equilibrio di sapori, texture e presentazione. Che tu sia un principiante assoluto in cucina o uno chef esperto che vuole perfezionare le proprie competenze, questo corso di cucina online interattivo e personalizzato porter\u00e0 le tue abilit\u00e0 nella preparazione della pasta fresca e dei piatti italiani pi\u00f9 amati a un livello professionale superiore.\n\t\t\t\t\t\t\t\t<\/div>\n\t\t\t\t<\/div>\n\t\t\t\t<\/div>\n\t\t<div class=\"elementor-element elementor-element-206a743 e-con-full e-flex e-con e-parent\" data-id=\"206a743\" data-element_type=\"container\" data-e-type=\"container\">\n\t\t<div class=\"elementor-element elementor-element-97787cb e-con-full e-flex e-con e-child\" data-id=\"97787cb\" data-element_type=\"container\" data-e-type=\"container\" data-settings=\"{&quot;background_background&quot;:&quot;classic&quot;}\">\n\t\t\t\t<div class=\"elementor-element elementor-element-7a1ffb9 elementor-widget elementor-widget-heading\" data-id=\"7a1ffb9\" data-element_type=\"widget\" data-e-type=\"widget\" data-widget_type=\"heading.default\">\n\t\t\t\t\t<h2 class=\"elementor-heading-title elementor-size-default\">Corsi di cucina online<\/h2>\t\t\t\t<\/div>\n\t\t\t\t<div class=\"elementor-element elementor-element-c8dde84 elementor-widget elementor-widget-text-editor\" data-id=\"c8dde84\" data-element_type=\"widget\" data-e-type=\"widget\" data-widget_type=\"text-editor.default\">\n\t\t\t\t\t\t\t\t\t<p>In questi corsi di cucina online interattivi scoprirai <strong>i segreti per creare il piatto di pasta perfetto<\/strong>, stupendo i tuoi ospiti alla prossima cena!<\/p><p>Il nostro chef esperto ti guider\u00e0 passo dopo passo, condividendo consigli e tecniche per bilanciare perfettamente i sapori.<br \/>Non aspettare ancora oltre: prenota il tuo corso, per vivere la magia di Firenze anche a casa tua.<\/p>\t\t\t\t\t\t\t\t<\/div>\n\t\t\t\t<div class=\"elementor-element elementor-element-856c266 elementor-align-left bottone_classi elementor-mobile-align-left elementor-invisible elementor-widget elementor-widget-button\" data-id=\"856c266\" data-element_type=\"widget\" data-e-type=\"widget\" data-settings=\"{&quot;_animation&quot;:&quot;fadeInRight&quot;}\" data-widget_type=\"button.default\">\n\t\t\t\t\t\t\t\t\t\t<a class=\"elementor-button elementor-button-link elementor-size-sm\" href=\"#form\">\n\t\t\t\t\t\t<span class=\"elementor-button-content-wrapper\">\n\t\t\t\t\t\t\t\t\t<span class=\"elementor-button-text\">Contattaci<\/span>\n\t\t\t\t\t<\/span>\n\t\t\t\t\t<\/a>\n\t\t\t\t\t\t\t\t<\/div>\n\t\t\t\t<\/div>\n\t\t<div class=\"elementor-element elementor-element-6066ee5 e-con-full e-flex e-con e-child\" data-id=\"6066ee5\" data-element_type=\"container\" data-e-type=\"container\" data-settings=\"{&quot;background_background&quot;:&quot;classic&quot;}\">\n\t\t\t\t<\/div>\n\t\t\t\t<\/div>\n\t\t<div class=\"elementor-element elementor-element-6693904 e-con-full e-flex e-con e-parent\" data-id=\"6693904\" data-element_type=\"container\" data-e-type=\"container\" id=\"form\">\n\t\t<div class=\"elementor-element elementor-element-3f40f2f e-con-full e-flex e-con e-child\" data-id=\"3f40f2f\" data-element_type=\"container\" data-e-type=\"container\">\n\t\t\t\t<div class=\"elementor-element elementor-element-5dd4820 elementor-widget elementor-widget-heading\" data-id=\"5dd4820\" data-element_type=\"widget\" data-e-type=\"widget\" data-widget_type=\"heading.default\">\n\t\t\t\t\t<p class=\"elementor-heading-title elementor-size-default\">Cosa succede dopo l\u2019iscrizione?\n<\/p>\t\t\t\t<\/div>\n\t\t\t\t<div class=\"elementor-element elementor-element-dd8eaa9 elementor-widget elementor-widget-text-editor\" data-id=\"dd8eaa9\" data-element_type=\"widget\" data-e-type=\"widget\" data-widget_type=\"text-editor.default\">\n\t\t\t\t\t\t\t\t\t<p>Dopo la registrazione ai corsi di cucina online, riceverai immediatamente una mail di conferma dettagliata con un elenco completo e illustrato (con immagini ad alta risoluzione e descrizioni dettagliate) di tutti gli ingredienti freschi e di qualit\u00e0, gli strumenti professionali e le attrezzature specifiche necessarie per partecipare attivamente al corso e ottenere risultati professionali.<\/p>\t\t\t\t\t\t\t\t<\/div>\n\t\t\t\t<\/div>\n\t\t<div class=\"elementor-element elementor-element-3cd036a e-con-full e-flex e-con e-child\" data-id=\"3cd036a\" data-element_type=\"container\" data-e-type=\"container\" data-settings=\"{&quot;background_background&quot;:&quot;classic&quot;}\">\n\t\t\t\t<div class=\"elementor-element elementor-element-57100b6 elementor-button-align-stretch elementor-widget elementor-widget-form\" data-id=\"57100b6\" data-element_type=\"widget\" data-e-type=\"widget\" data-settings=\"{&quot;step_next_label&quot;:&quot;Next&quot;,&quot;step_previous_label&quot;:&quot;Precedente&quot;,&quot;button_width&quot;:&quot;100&quot;,&quot;step_type&quot;:&quot;number_text&quot;,&quot;step_icon_shape&quot;:&quot;circle&quot;}\" data-widget_type=\"form.default\">\n\t\t\t\t\t\t\t<form class=\"elementor-form\" method=\"post\" name=\"Form corsi online ITA\" aria-label=\"Form corsi online ITA\">\n\t\t\t<input type=\"hidden\" name=\"post_id\" value=\"11231\"\/>\n\t\t\t<input type=\"hidden\" name=\"form_id\" value=\"57100b6\"\/>\n\t\t\t<input type=\"hidden\" name=\"referer_title\" value=\"Corso cucina online | Pasta Class Florence\" \/>\n\n\t\t\t\t\t\t\t<input type=\"hidden\" name=\"queried_id\" value=\"11231\"\/>\n\t\t\t\n\t\t\t<div class=\"elementor-form-fields-wrapper elementor-labels-above\">\n\t\t\t\t\t\t\t\t<div class=\"elementor-field-type-text elementor-field-group elementor-column elementor-field-group-name elementor-col-50 elementor-field-required\">\n\t\t\t\t\t\t\t\t\t\t\t\t\t<input size=\"1\" type=\"text\" name=\"form_fields[name]\" id=\"form-field-name\" class=\"elementor-field elementor-size-sm  elementor-field-textual\" placeholder=\"Nome*\" required=\"required\">\n\t\t\t\t\t\t\t\t\t\t\t<\/div>\n\t\t\t\t\t\t\t\t<div class=\"elementor-field-type-text elementor-field-group elementor-column elementor-field-group-field_96c6072 elementor-col-50 elementor-field-required\">\n\t\t\t\t\t\t\t\t\t\t\t\t\t<input size=\"1\" type=\"text\" name=\"form_fields[field_96c6072]\" id=\"form-field-field_96c6072\" class=\"elementor-field elementor-size-sm  elementor-field-textual\" placeholder=\"Cognome*\" required=\"required\">\n\t\t\t\t\t\t\t\t\t\t\t<\/div>\n\t\t\t\t\t\t\t\t<div class=\"elementor-field-type-text elementor-field-group elementor-column elementor-field-group-field_2335eff elementor-col-50\">\n\t\t\t\t\t\t\t\t\t\t\t\t\t<input size=\"1\" type=\"text\" name=\"form_fields[field_2335eff]\" id=\"form-field-field_2335eff\" class=\"elementor-field elementor-size-sm  elementor-field-textual\" placeholder=\"Azienda\">\n\t\t\t\t\t\t\t\t\t\t\t<\/div>\n\t\t\t\t\t\t\t\t<div class=\"elementor-field-type-email elementor-field-group elementor-column elementor-field-group-email elementor-col-50 elementor-field-required\">\n\t\t\t\t\t\t\t\t\t\t\t\t\t<input size=\"1\" type=\"email\" name=\"form_fields[email]\" id=\"form-field-email\" class=\"elementor-field elementor-size-sm  elementor-field-textual\" placeholder=\"Email*\" required=\"required\">\n\t\t\t\t\t\t\t\t\t\t\t<\/div>\n\t\t\t\t\t\t\t\t<div class=\"elementor-field-type-textarea elementor-field-group elementor-column elementor-field-group-field_8408a35 elementor-col-100\">\n\t\t\t\t\t<textarea class=\"elementor-field-textual elementor-field  elementor-size-sm\" name=\"form_fields[field_8408a35]\" id=\"form-field-field_8408a35\" rows=\"4\" placeholder=\"La tua richiesta \"><\/textarea>\t\t\t\t<\/div>\n\t\t\t\t\t\t\t\t<div class=\"elementor-field-type-acceptance elementor-field-group elementor-column elementor-field-group-field_0221fb8 elementor-col-100 elementor-field-required\">\n\t\t\t\t\t\t\t<div class=\"elementor-field-subgroup\">\n\t\t\t<span class=\"elementor-field-option\">\n\t\t\t\t<input type=\"checkbox\" name=\"form_fields[field_0221fb8]\" id=\"form-field-field_0221fb8\" class=\"elementor-field elementor-size-sm  elementor-acceptance-field\" required=\"required\">\n\t\t\t\t<label for=\"form-field-field_0221fb8\">Letta l'informativa, autorizzo il trattamento dei miei dati personali<\/label>\t\t\t<\/span>\n\t\t<\/div>\n\t\t\t\t\t\t<\/div>\n\t\t\t\t\t\t\t\t<div class=\"elementor-field-type-recaptcha_v3 elementor-field-group elementor-column elementor-field-group-field_0c74a0f elementor-col-100 recaptcha_v3-bottomright\">\n\t\t\t\t\t<div class=\"elementor-field\" id=\"form-field-field_0c74a0f\"><div class=\"elementor-g-recaptcha\" data-sitekey=\"6LeOvawsAAAAAB02Hk2fGWIf8UiNYfRN6MFgR1RO\" data-type=\"v3\" data-action=\"Form\" data-badge=\"bottomright\" data-size=\"invisible\"><\/div><\/div>\t\t\t\t<\/div>\n\t\t\t\t\t\t\t\t<div class=\"elementor-field-group elementor-column elementor-field-type-submit elementor-col-100 e-form__buttons\">\n\t\t\t\t\t<button class=\"elementor-button elementor-size-sm\" type=\"submit\">\n\t\t\t\t\t\t<span class=\"elementor-button-content-wrapper\">\n\t\t\t\t\t\t\t\t\t\t\t\t\t\t\t\t\t\t\t\t\t\t<span class=\"elementor-button-text\">Invia la tua richiesta<\/span>\n\t\t\t\t\t\t\t\t\t\t\t\t\t<\/span>\n\t\t\t\t\t<\/button>\n\t\t\t\t<\/div>\n\t\t\t<\/div>\n\t\t<\/form>\n\t\t\t\t\t\t<\/div>\n\t\t\t\t<\/div>\n\t\t\t\t<\/div>\n\t\t\t\t<\/div>\n\t\t","protected":false},"excerpt":{"rendered":"<p>Corso cucina online [ameliacatalogbooking categories_hidden=1] Partecipa a un nostro corso di cucina online e impara a preparare autentiche ricette italiane come un professionista della cucina italiana! Puoi entrare virtualmente nella nostra cucina professionale e vivere un\u2019autentica masterclass culinaria comodamente da casa tua. Il nostro corso di cucina online offre una visione dettagliata di ogni fase [&hellip;]<\/p>\n","protected":false},"author":53,"featured_media":13534,"parent":0,"menu_order":0,"comment_status":"closed","ping_status":"closed","template":"","meta":{"_acf_changed":false,"_mo_disable_npp":"","footnotes":""},"class_list":["post-11231","page","type-page","status-publish","has-post-thumbnail","hentry"],"acf":[],"_links":{"self":[{"href":"https:\/\/pastaclassflorence.com\/it\/wp-json\/wp\/v2\/pages\/11231","targetHints":{"allow":["GET"]}}],"collection":[{"href":"https:\/\/pastaclassflorence.com\/it\/wp-json\/wp\/v2\/pages"}],"about":[{"href":"https:\/\/pastaclassflorence.com\/it\/wp-json\/wp\/v2\/types\/page"}],"author":[{"embeddable":true,"href":"https:\/\/pastaclassflorence.com\/it\/wp-json\/wp\/v2\/users\/53"}],"replies":[{"embeddable":true,"href":"https:\/\/pastaclassflorence.com\/it\/wp-json\/wp\/v2\/comments?post=11231"}],"version-history":[{"count":0,"href":"https:\/\/pastaclassflorence.com\/it\/wp-json\/wp\/v2\/pages\/11231\/revisions"}],"wp:featuredmedia":[{"embeddable":true,"href":"https:\/\/pastaclassflorence.com\/it\/wp-json\/wp\/v2\/media\/13534"}],"wp:attachment":[{"href":"https:\/\/pastaclassflorence.com\/it\/wp-json\/wp\/v2\/media?parent=11231"}],"curies":[{"name":"wp","href":"https:\/\/api.w.org\/{rel}","templated":true}]}}