{"id":11222,"date":"2024-09-11T09:00:38","date_gmt":"2024-09-11T08:00:38","guid":{"rendered":"https:\/\/pastaclassflorence.com\/team-building\/"},"modified":"2026-01-11T23:14:30","modified_gmt":"2026-01-11T22:14:30","slug":"team-building-firenze","status":"publish","type":"page","link":"https:\/\/pastaclassflorence.com\/it\/team-building-firenze\/","title":{"rendered":"Team building"},"content":{"rendered":"\t\t<div data-elementor-type=\"wp-page\" data-elementor-id=\"11222\" class=\"elementor elementor-11222 elementor-6441\" data-elementor-post-type=\"page\">\n\t\t\t\t<div class=\"elementor-element elementor-element-4cb83e17 e-con-full e-flex e-con e-parent\" data-id=\"4cb83e17\" data-element_type=\"container\" data-e-type=\"container\">\n\t\t<div class=\"elementor-element elementor-element-2bf2b7c4 e-con-full e-flex e-con e-child\" data-id=\"2bf2b7c4\" data-element_type=\"container\" data-e-type=\"container\" data-settings=\"{&quot;background_background&quot;:&quot;classic&quot;}\">\n\t\t\t\t<div class=\"elementor-element elementor-element-4c56d68 elementor-hidden-desktop elementor-widget elementor-widget-shortcode\" data-id=\"4c56d68\" data-element_type=\"widget\" data-e-type=\"widget\" data-widget_type=\"shortcode.default\">\n\t\t\t\t\t\t\t<div class=\"elementor-shortcode\"><nav aria-label=\"breadcrumbs\" class=\"rank-math-breadcrumb\"><p><span class=\"last\">Home<\/span><\/p><\/nav><\/div>\n\t\t\t\t\t\t<\/div>\n\t\t\t\t<div class=\"elementor-element elementor-element-06382fd elementor-widget elementor-widget-heading\" data-id=\"06382fd\" data-element_type=\"widget\" data-e-type=\"widget\" data-widget_type=\"heading.default\">\n\t\t\t\t\t<h1 class=\"elementor-heading-title elementor-size-default\">Team building a Firenze<\/h1>\t\t\t\t<\/div>\n\t\t\t\t<div class=\"elementor-element elementor-element-564fa33 elementor-widget elementor-widget-heading\" data-id=\"564fa33\" data-element_type=\"widget\" data-e-type=\"widget\" data-widget_type=\"heading.default\">\n\t\t\t\t\t<h2 class=\"elementor-heading-title elementor-size-default\"><span style=\"color: #88193e\">Organizza il tuo evento aziendale<\/span> nella nostra nuova location<\/h2>\t\t\t\t<\/div>\n\t\t\t\t<div class=\"elementor-element elementor-element-5667a26 elementor-widget elementor-widget-text-editor\" data-id=\"5667a26\" data-element_type=\"widget\" data-e-type=\"widget\" data-widget_type=\"text-editor.default\">\n\t\t\t\t\t\t\t\t\t<p>Cerchi un\u2019esperienza diversa dal solito per il tuo team? Vuoi rafforzare lo spirito di squadra, celebrare un traguardo aziendale o semplicemente regalare ai tuoi colleghi una giornata speciale?<\/p>\n<p><strong>Pasta Class Florence<\/strong> ti apre le porte della <strong>nuova sede<\/strong> nel <strong>centro di Firenze<\/strong>, uno spazio <strong>ampio e accogliente<\/strong>, ideale per ospitare fino a <strong>70 persone<\/strong>.<\/p>\n<p>Un ambiente <strong>dinamico<\/strong>, <strong>autentico<\/strong> e <strong>perfettamente attrezzato<\/strong> per trasformare un <strong>evento aziendale<\/strong> in un\u2019esperienza culinaria <strong>memorabile<\/strong>.<\/p>\n\t\t\t\t\t\t\t\t<\/div>\n\t\t\t\t<div class=\"elementor-element elementor-element-3f4127a elementor-align-left bottone-penna elementor-widget elementor-widget-button\" data-id=\"3f4127a\" data-element_type=\"widget\" data-e-type=\"widget\" data-widget_type=\"button.default\">\n\t\t\t\t\t\t\t\t\t\t<a class=\"elementor-button elementor-button-link elementor-size-sm\" href=\"#team\" id=\"shop\">\n\t\t\t\t\t\t<span class=\"elementor-button-content-wrapper\">\n\t\t\t\t\t\t\t\t\t<span class=\"elementor-button-text\">Scopri di pi\u00f9<\/span>\n\t\t\t\t\t<\/span>\n\t\t\t\t\t<\/a>\n\t\t\t\t\t\t\t\t<\/div>\n\t\t\t\t<\/div>\n\t\t<div class=\"elementor-element elementor-element-37c0fd65 e-con-full e-flex e-con e-child\" data-id=\"37c0fd65\" data-element_type=\"container\" data-e-type=\"container\" data-settings=\"{&quot;background_background&quot;:&quot;classic&quot;}\">\n\t\t\t\t<\/div>\n\t\t\t\t<\/div>\n\t\t<div class=\"elementor-element elementor-element-b8b31c2 e-con-full e-flex e-con e-parent\" data-id=\"b8b31c2\" data-element_type=\"container\" data-e-type=\"container\" id=\"team\">\n\t\t<div class=\"elementor-element elementor-element-4dde815 e-con-full e-flex e-con e-child\" data-id=\"4dde815\" data-element_type=\"container\" data-e-type=\"container\">\n\t\t\t\t<div class=\"elementor-element elementor-element-1ac5ef8c elementor-widget elementor-widget-heading\" data-id=\"1ac5ef8c\" data-element_type=\"widget\" data-e-type=\"widget\" data-widget_type=\"heading.default\">\n\t\t\t\t\t<p class=\"elementor-heading-title elementor-size-default\">Cosa rende unica la nostra proposta?<\/p>\t\t\t\t<\/div>\n\t\t\t\t<\/div>\n\t\t<div class=\"elementor-element elementor-element-d564987 e-con-full e-flex e-con e-child\" data-id=\"d564987\" data-element_type=\"container\" data-e-type=\"container\">\n\t\t\t\t<div class=\"elementor-element elementor-element-7bf58c3b elementor-widget elementor-widget-text-editor\" data-id=\"7bf58c3b\" data-element_type=\"widget\" data-e-type=\"widget\" data-widget_type=\"text-editor.default\">\n\t\t\t\t\t\t\t\t\t<p>La nostra azienda si fonda sulla passione. Per questo abbiamo scelto di organizzare attivit\u00e0 di\u00a0<strong>team building a Firenze<\/strong>: per condividere con la tua realt\u00e0 i valori che guidano ogni giorno il nostro percorso.<\/p>\n<p>La nostra squadra di giovani chef professionisti, con esperienze in ristoranti gourmet e stellati, ti accompagner\u00e0 passo dopo passo in un viaggio alla scoperta della vera cucina italiana. Insieme realizzerete pasta fresca fatta a mano, preparerete gustose salse e concluderete la giornata condividendo i piatti creati, brindando con un buon bicchiere di vino.<\/p>\n<p>Dall\u2019unione di farina, uova, acqua e altri ingredienti possono nascere impasti e ricette uniche, capaci di fondere sapori diversi in un gusto delizioso. Non accade forse lo stesso in un team? \u00c8 dall\u2019incontro di personalit\u00e0 differenti che prendono vita le realt\u00e0 pi\u00f9 solide.<\/p>\n\t\t\t\t\t\t\t\t<\/div>\n\t\t\t\t<\/div>\n\t\t\t\t<\/div>\n\t\t<div class=\"elementor-element elementor-element-1aa984a1 e-con-full e-flex e-con e-parent\" data-id=\"1aa984a1\" data-element_type=\"container\" data-e-type=\"container\">\n\t\t<div class=\"elementor-element elementor-element-2fee74bb e-con-full e-flex e-con e-child\" data-id=\"2fee74bb\" data-element_type=\"container\" data-e-type=\"container\" data-settings=\"{&quot;background_background&quot;:&quot;classic&quot;}\">\n\t\t\t\t<\/div>\n\t\t<div class=\"elementor-element elementor-element-627b4dc9 e-con-full e-flex e-con e-child\" data-id=\"627b4dc9\" data-element_type=\"container\" data-e-type=\"container\" data-settings=\"{&quot;background_background&quot;:&quot;classic&quot;}\">\n\t\t\t\t<div class=\"elementor-element elementor-element-bdc8cf2 elementor-widget elementor-widget-heading\" data-id=\"bdc8cf2\" data-element_type=\"widget\" data-e-type=\"widget\" data-widget_type=\"heading.default\">\n\t\t\t\t\t<h3 class=\"elementor-heading-title elementor-size-default\">Idee <span style=\"color: #88193e\">Team Building<\/span><\/h3>\t\t\t\t<\/div>\n\t\t\t\t<div class=\"elementor-element elementor-element-4aa3d541 elementor-widget elementor-widget-text-editor\" data-id=\"4aa3d541\" data-element_type=\"widget\" data-e-type=\"widget\" data-widget_type=\"text-editor.default\">\n\t\t\t\t\t\t\t\t\t<div class=\"elementor-element elementor-element-4aa3d541 elementor-widget elementor-widget-text-editor\" data-id=\"4aa3d541\" data-element_type=\"widget\" data-widget_type=\"text-editor.default\">\n<div class=\"elementor-widget-container\">\n<p>Un\u2019esperienza flessibile e su misura:<\/p>\n<ul>\n<li><strong>Team building personalizzati<\/strong>: possiamo adattare l\u2019esperienza alle esigenze e agli obiettivi del tuo gruppo.<\/li>\n<li><strong>Sfide a squadre<\/strong>: coinvolgi il tuo team in giochi e prove creative ispirate alla tradizione culinaria italiana.<\/li>\n<li><strong>Ricette su richiesta<\/strong>: scegli tra le grandi classiche o sperimenta qualcosa di nuovo.<\/li>\n<li><strong>Degustazione finale<\/strong>: assaporerete insieme le creazioni preparate, in un momento conviviale che unisce cibo, cultura e spirito di squadra.<\/li>\n<\/ul>\n<\/div>\n<p><\/div>\n\t\t\t\t\t\t\t\t<\/div>\n\t\t\t\t<div class=\"elementor-element elementor-element-ee89dcc elementor-widget elementor-widget-text-editor\" data-id=\"ee89dcc\" data-element_type=\"widget\" data-e-type=\"widget\" data-widget_type=\"text-editor.default\">\n\t\t\t\t\t\t\t\t\t<p>Ogni partecipante ricever\u00e0:<\/p>\n<ul>\n<li>Tutti gli strumenti e gli ingredienti necessari<\/li>\n<li>Un grembiule personale<\/li>\n<li>Un e-book con le ricette realizzate durante la lezione<\/li>\n<li>Una giornata ricca di sorrisi, creativit\u00e0 e collaborazione<\/li>\n<\/ul>\n<p>&nbsp;<\/p>\n<p>Che si tratti di una piccola impresa o di una grande azienda, possiamo progettare con te l\u2019evento perfetto: informale o elegante, formativo o semplicemente divertente.<\/p>\n<p>Contattaci per raccontarci la tua idea: il nostro team \u00e8 pronto a trasformarla in un\u2019esperienza indimenticabile nel cuore di Firenze.<\/p>\n<p>Sei alla ricerca della location perfetta per la tua cena aziendale? Che sia per Natale, una festa di pensionamento o un traguardo da celebrare, rendi l\u2019evento davvero speciale!<\/p>\n<p>Possiamo organizzare per te un\u2019esperienza su misura: tutti i partecipanti prenderanno parte alla creazione della pasta e, successivamente, gusteranno insieme una cena che ha un sapore ancora pi\u00f9 autentico perch\u00e9 realizzata con le proprie mani.<\/p>\n\t\t\t\t\t\t\t\t<\/div>\n\t\t\t\t<div class=\"elementor-element elementor-element-bde057c elementor-align-center bottone-penna elementor-widget elementor-widget-button\" data-id=\"bde057c\" data-element_type=\"widget\" data-e-type=\"widget\" data-widget_type=\"button.default\">\n\t\t\t\t\t\t\t\t\t\t<a class=\"elementor-button elementor-button-link elementor-size-sm\" href=\"#form\">\n\t\t\t\t\t\t<span class=\"elementor-button-content-wrapper\">\n\t\t\t\t\t\t\t\t\t<span class=\"elementor-button-text\">Contattaci per saperne di pi\u00f9<\/span>\n\t\t\t\t\t<\/span>\n\t\t\t\t\t<\/a>\n\t\t\t\t\t\t\t\t<\/div>\n\t\t\t\t<\/div>\n\t\t\t\t<\/div>\n\t\t<div class=\"elementor-element elementor-element-cd9853e e-con-full e-flex e-con e-parent\" data-id=\"cd9853e\" data-element_type=\"container\" data-e-type=\"container\">\n\t\t<div class=\"elementor-element elementor-element-d67faed e-con-full e-flex e-con e-child\" data-id=\"d67faed\" data-element_type=\"container\" data-e-type=\"container\">\n\t\t<div class=\"elementor-element elementor-element-cff450d e-con-full e-flex e-con e-child\" data-id=\"cff450d\" data-element_type=\"container\" data-e-type=\"container\">\n\t\t\t\t<div class=\"elementor-element elementor-element-44b60ab elementor-widget elementor-widget-heading\" data-id=\"44b60ab\" data-element_type=\"widget\" data-e-type=\"widget\" data-widget_type=\"heading.default\">\n\t\t\t\t\t<p class=\"elementor-heading-title elementor-size-default\">Stanza principale<\/p>\t\t\t\t<\/div>\n\t\t\t\t<div class=\"elementor-element elementor-element-ac9fda4 elementor-widget elementor-widget-image\" data-id=\"ac9fda4\" data-element_type=\"widget\" data-e-type=\"widget\" data-widget_type=\"image.default\">\n\t\t\t\t\t\t\t\t\t\t\t\t\t\t\t<img fetchpriority=\"high\" decoding=\"async\" width=\"1920\" height=\"2274\" src=\"https:\/\/pastaclassflorence.com\/wp-content\/uploads\/2026\/01\/pasta-class-florence-main-room-1.jpg\" class=\"attachment-full size-full wp-image-14777\" alt=\"\" srcset=\"https:\/\/pastaclassflorence.com\/wp-content\/uploads\/2026\/01\/pasta-class-florence-main-room-1.jpg 1920w, https:\/\/pastaclassflorence.com\/wp-content\/uploads\/2026\/01\/pasta-class-florence-main-room-1-253x300.jpg 253w, https:\/\/pastaclassflorence.com\/wp-content\/uploads\/2026\/01\/pasta-class-florence-main-room-1-865x1024.jpg 865w, https:\/\/pastaclassflorence.com\/wp-content\/uploads\/2026\/01\/pasta-class-florence-main-room-1-768x910.jpg 768w, https:\/\/pastaclassflorence.com\/wp-content\/uploads\/2026\/01\/pasta-class-florence-main-room-1-1297x1536.jpg 1297w, https:\/\/pastaclassflorence.com\/wp-content\/uploads\/2026\/01\/pasta-class-florence-main-room-1-1729x2048.jpg 1729w, https:\/\/pastaclassflorence.com\/wp-content\/uploads\/2026\/01\/pasta-class-florence-main-room-1-600x711.jpg 600w\" sizes=\"(max-width: 1920px) 100vw, 1920px\" \/>\t\t\t\t\t\t\t\t\t\t\t\t\t\t\t<\/div>\n\t\t\t\t<div class=\"elementor-element elementor-element-81da10d elementor-widget elementor-widget-image\" data-id=\"81da10d\" data-element_type=\"widget\" data-e-type=\"widget\" data-widget_type=\"image.default\">\n\t\t\t\t\t\t\t\t\t\t\t\t\t\t\t<img decoding=\"async\" width=\"1920\" height=\"1920\" src=\"https:\/\/pastaclassflorence.com\/wp-content\/uploads\/2026\/01\/pasta-class-florence-main-room-2.jpg\" class=\"attachment-full size-full wp-image-14779\" alt=\"\" srcset=\"https:\/\/pastaclassflorence.com\/wp-content\/uploads\/2026\/01\/pasta-class-florence-main-room-2.jpg 1920w, https:\/\/pastaclassflorence.com\/wp-content\/uploads\/2026\/01\/pasta-class-florence-main-room-2-300x300.jpg 300w, https:\/\/pastaclassflorence.com\/wp-content\/uploads\/2026\/01\/pasta-class-florence-main-room-2-1024x1024.jpg 1024w, https:\/\/pastaclassflorence.com\/wp-content\/uploads\/2026\/01\/pasta-class-florence-main-room-2-150x150.jpg 150w, https:\/\/pastaclassflorence.com\/wp-content\/uploads\/2026\/01\/pasta-class-florence-main-room-2-768x768.jpg 768w, https:\/\/pastaclassflorence.com\/wp-content\/uploads\/2026\/01\/pasta-class-florence-main-room-2-1536x1536.jpg 1536w, https:\/\/pastaclassflorence.com\/wp-content\/uploads\/2026\/01\/pasta-class-florence-main-room-2-600x600.jpg 600w, https:\/\/pastaclassflorence.com\/wp-content\/uploads\/2026\/01\/pasta-class-florence-main-room-2-100x100.jpg 100w\" sizes=\"(max-width: 1920px) 100vw, 1920px\" \/>\t\t\t\t\t\t\t\t\t\t\t\t\t\t\t<\/div>\n\t\t\t\t<\/div>\n\t\t<div class=\"elementor-element elementor-element-3181e83 e-con-full e-flex e-con e-child\" data-id=\"3181e83\" data-element_type=\"container\" data-e-type=\"container\">\n\t\t\t\t<div class=\"elementor-element elementor-element-32802f0 elementor-widget elementor-widget-heading\" data-id=\"32802f0\" data-element_type=\"widget\" data-e-type=\"widget\" data-widget_type=\"heading.default\">\n\t\t\t\t\t<p class=\"elementor-heading-title elementor-size-default\">Sede<\/p>\t\t\t\t<\/div>\n\t\t\t\t<div class=\"elementor-element elementor-element-507214a elementor-widget elementor-widget-video\" data-id=\"507214a\" data-element_type=\"widget\" data-e-type=\"widget\" data-settings=\"{&quot;video_type&quot;:&quot;hosted&quot;,&quot;autoplay&quot;:&quot;yes&quot;,&quot;play_on_mobile&quot;:&quot;yes&quot;,&quot;mute&quot;:&quot;yes&quot;,&quot;loop&quot;:&quot;yes&quot;}\" data-widget_type=\"video.default\">\n\t\t\t\t\t\t\t<div class=\"e-hosted-video elementor-wrapper elementor-open-inline\">\n\t\t\t\t\t<video class=\"elementor-video\" src=\"https:\/\/pastaclassflorence.com\/wp-content\/uploads\/2026\/01\/pasta-class-florence-restaurant.mp4\" autoplay=\"\" loop=\"\" muted=\"muted\" playsinline=\"\" controlsList=\"nodownload\"><\/video>\n\t\t\t\t<\/div>\n\t\t\t\t\t\t<\/div>\n\t\t\t\t<\/div>\n\t\t<div class=\"elementor-element elementor-element-6aea261 e-con-full e-flex e-con e-child\" data-id=\"6aea261\" data-element_type=\"container\" data-e-type=\"container\">\n\t\t\t\t<div class=\"elementor-element elementor-element-c087adf elementor-widget elementor-widget-heading\" data-id=\"c087adf\" data-element_type=\"widget\" data-e-type=\"widget\" data-widget_type=\"heading.default\">\n\t\t\t\t\t<p class=\"elementor-heading-title elementor-size-default\">Sala bar<\/p>\t\t\t\t<\/div>\n\t\t\t\t<div class=\"elementor-element elementor-element-39687d2 elementor-widget elementor-widget-image\" data-id=\"39687d2\" data-element_type=\"widget\" data-e-type=\"widget\" data-widget_type=\"image.default\">\n\t\t\t\t\t\t\t\t\t\t\t\t\t\t\t<img decoding=\"async\" width=\"1920\" height=\"1280\" src=\"https:\/\/pastaclassflorence.com\/wp-content\/uploads\/2026\/01\/pasta-class-florence-room-1.jpg\" class=\"attachment-full size-full wp-image-14785\" alt=\"\" srcset=\"https:\/\/pastaclassflorence.com\/wp-content\/uploads\/2026\/01\/pasta-class-florence-room-1.jpg 1920w, https:\/\/pastaclassflorence.com\/wp-content\/uploads\/2026\/01\/pasta-class-florence-room-1-300x200.jpg 300w, https:\/\/pastaclassflorence.com\/wp-content\/uploads\/2026\/01\/pasta-class-florence-room-1-1024x683.jpg 1024w, https:\/\/pastaclassflorence.com\/wp-content\/uploads\/2026\/01\/pasta-class-florence-room-1-768x512.jpg 768w, https:\/\/pastaclassflorence.com\/wp-content\/uploads\/2026\/01\/pasta-class-florence-room-1-1536x1024.jpg 1536w, https:\/\/pastaclassflorence.com\/wp-content\/uploads\/2026\/01\/pasta-class-florence-room-1-600x400.jpg 600w\" sizes=\"(max-width: 1920px) 100vw, 1920px\" \/>\t\t\t\t\t\t\t\t\t\t\t\t\t\t\t<\/div>\n\t\t\t\t<div class=\"elementor-element elementor-element-97854b7 elementor-widget elementor-widget-heading\" data-id=\"97854b7\" data-element_type=\"widget\" data-e-type=\"widget\" data-widget_type=\"heading.default\">\n\t\t\t\t\t<p class=\"elementor-heading-title elementor-size-default\">Esterno<\/p>\t\t\t\t<\/div>\n\t\t\t\t<div class=\"elementor-element elementor-element-a11d88b elementor-widget elementor-widget-image\" data-id=\"a11d88b\" data-element_type=\"widget\" data-e-type=\"widget\" data-widget_type=\"image.default\">\n\t\t\t\t\t\t\t\t\t\t\t\t\t\t\t<img loading=\"lazy\" decoding=\"async\" width=\"1707\" height=\"2560\" src=\"https:\/\/pastaclassflorence.com\/wp-content\/uploads\/2026\/01\/pasta-class-florence-outside.webp\" class=\"attachment-full size-full wp-image-14787\" alt=\"\" srcset=\"https:\/\/pastaclassflorence.com\/wp-content\/uploads\/2026\/01\/pasta-class-florence-outside.webp 1707w, https:\/\/pastaclassflorence.com\/wp-content\/uploads\/2026\/01\/pasta-class-florence-outside-200x300.webp 200w, https:\/\/pastaclassflorence.com\/wp-content\/uploads\/2026\/01\/pasta-class-florence-outside-683x1024.webp 683w, https:\/\/pastaclassflorence.com\/wp-content\/uploads\/2026\/01\/pasta-class-florence-outside-768x1152.webp 768w, https:\/\/pastaclassflorence.com\/wp-content\/uploads\/2026\/01\/pasta-class-florence-outside-1024x1536.webp 1024w, https:\/\/pastaclassflorence.com\/wp-content\/uploads\/2026\/01\/pasta-class-florence-outside-1366x2048.webp 1366w, https:\/\/pastaclassflorence.com\/wp-content\/uploads\/2026\/01\/pasta-class-florence-outside-600x900.webp 600w\" sizes=\"(max-width: 1707px) 100vw, 1707px\" \/>\t\t\t\t\t\t\t\t\t\t\t\t\t\t\t<\/div>\n\t\t\t\t<\/div>\n\t\t\t\t<\/div>\n\t\t\t\t<\/div>\n\t\t<div class=\"elementor-element elementor-element-553fa646 e-con-full e-flex e-con e-parent\" data-id=\"553fa646\" data-element_type=\"container\" data-e-type=\"container\" id=\"form\">\n\t\t<div class=\"elementor-element elementor-element-99985da e-con-full e-flex e-con e-child\" data-id=\"99985da\" data-element_type=\"container\" data-e-type=\"container\">\n\t\t\t\t<div class=\"elementor-element elementor-element-25c242c0 elementor-widget elementor-widget-heading\" data-id=\"25c242c0\" data-element_type=\"widget\" data-e-type=\"widget\" data-widget_type=\"heading.default\">\n\t\t\t\t\t<h3 class=\"elementor-heading-title elementor-size-default\">Crea il tuo team building aziendale con Pasta Class Florence!<\/h3>\t\t\t\t<\/div>\n\t\t\t\t<div class=\"elementor-element elementor-element-4db0ba5b elementor-widget elementor-widget-text-editor\" data-id=\"4db0ba5b\" data-element_type=\"widget\" data-e-type=\"widget\" data-widget_type=\"text-editor.default\">\n\t\t\t\t\t\t\t\t\t<p>Possiamo personalizzare il tuo evento su richiesta:\u00a0<strong>rendilo unico<\/strong>.<\/p>\n<p>Sentiti libero di indicarci le tue ricette italiane preferite e di raccontarci cosa hai in mente per la tua esperienza.<\/p>\n\t\t\t\t\t\t\t\t<\/div>\n\t\t\t\t<\/div>\n\t\t<div class=\"elementor-element elementor-element-66032275 e-con-full e-flex e-con e-child\" data-id=\"66032275\" data-element_type=\"container\" data-e-type=\"container\" data-settings=\"{&quot;background_background&quot;:&quot;classic&quot;}\">\n\t\t\t\t<div class=\"elementor-element elementor-element-5be0423 elementor-button-align-stretch elementor-widget elementor-widget-form\" data-id=\"5be0423\" data-element_type=\"widget\" data-e-type=\"widget\" data-settings=\"{&quot;step_next_label&quot;:&quot;Next&quot;,&quot;step_previous_label&quot;:&quot;Precedente&quot;,&quot;button_width&quot;:&quot;100&quot;,&quot;step_type&quot;:&quot;number_text&quot;,&quot;step_icon_shape&quot;:&quot;circle&quot;}\" data-widget_type=\"form.default\">\n\t\t\t\t\t\t\t<form class=\"elementor-form\" method=\"post\" name=\"Nuovo Form\" aria-label=\"Nuovo Form\">\n\t\t\t<input type=\"hidden\" name=\"post_id\" value=\"11222\"\/>\n\t\t\t<input type=\"hidden\" name=\"form_id\" value=\"5be0423\"\/>\n\t\t\t<input type=\"hidden\" name=\"referer_title\" value=\"Team building Florence | Pasta Class Florence\" \/>\n\n\t\t\t\t\t\t\t<input type=\"hidden\" name=\"queried_id\" value=\"11222\"\/>\n\t\t\t\n\t\t\t<div class=\"elementor-form-fields-wrapper elementor-labels-above\">\n\t\t\t\t\t\t\t\t<div class=\"elementor-field-type-text elementor-field-group elementor-column elementor-field-group-name elementor-col-50 elementor-field-required\">\n\t\t\t\t\t\t\t\t\t\t\t\t\t<input size=\"1\" type=\"text\" name=\"form_fields[name]\" id=\"form-field-name\" class=\"elementor-field elementor-size-sm  elementor-field-textual\" placeholder=\"Nome*\" required=\"required\">\n\t\t\t\t\t\t\t\t\t\t\t<\/div>\n\t\t\t\t\t\t\t\t<div class=\"elementor-field-type-text elementor-field-group elementor-column elementor-field-group-field_96c6072 elementor-col-50 elementor-field-required\">\n\t\t\t\t\t\t\t\t\t\t\t\t\t<input size=\"1\" type=\"text\" name=\"form_fields[field_96c6072]\" id=\"form-field-field_96c6072\" class=\"elementor-field elementor-size-sm  elementor-field-textual\" placeholder=\"Cognome*\" required=\"required\">\n\t\t\t\t\t\t\t\t\t\t\t<\/div>\n\t\t\t\t\t\t\t\t<div class=\"elementor-field-type-text elementor-field-group elementor-column elementor-field-group-field_2335eff elementor-col-50\">\n\t\t\t\t\t\t\t\t\t\t\t\t\t<input size=\"1\" type=\"text\" name=\"form_fields[field_2335eff]\" id=\"form-field-field_2335eff\" class=\"elementor-field elementor-size-sm  elementor-field-textual\" placeholder=\"Azienda\">\n\t\t\t\t\t\t\t\t\t\t\t<\/div>\n\t\t\t\t\t\t\t\t<div class=\"elementor-field-type-email elementor-field-group elementor-column elementor-field-group-email elementor-col-50 elementor-field-required\">\n\t\t\t\t\t\t\t\t\t\t\t\t\t<input size=\"1\" type=\"email\" name=\"form_fields[email]\" id=\"form-field-email\" class=\"elementor-field elementor-size-sm  elementor-field-textual\" placeholder=\"Email*\" required=\"required\">\n\t\t\t\t\t\t\t\t\t\t\t<\/div>\n\t\t\t\t\t\t\t\t<div class=\"elementor-field-type-textarea elementor-field-group elementor-column elementor-field-group-field_8408a35 elementor-col-100\">\n\t\t\t\t\t<textarea class=\"elementor-field-textual elementor-field  elementor-size-sm\" name=\"form_fields[field_8408a35]\" id=\"form-field-field_8408a35\" rows=\"4\" placeholder=\"Messaggio\"><\/textarea>\t\t\t\t<\/div>\n\t\t\t\t\t\t\t\t<div class=\"elementor-field-type-acceptance elementor-field-group elementor-column elementor-field-group-field_0221fb8 elementor-col-100 elementor-field-required\">\n\t\t\t\t\t\t\t<div class=\"elementor-field-subgroup\">\n\t\t\t<span class=\"elementor-field-option\">\n\t\t\t\t<input type=\"checkbox\" name=\"form_fields[field_0221fb8]\" id=\"form-field-field_0221fb8\" class=\"elementor-field elementor-size-sm  elementor-acceptance-field\" required=\"required\">\n\t\t\t\t<label for=\"form-field-field_0221fb8\">Letta l'informativa, autorizzo il trattamento dei miei dati personali<\/label>\t\t\t<\/span>\n\t\t<\/div>\n\t\t\t\t\t\t<\/div>\n\t\t\t\t\t\t\t\t<div class=\"elementor-field-type-recaptcha_v3 elementor-field-group elementor-column elementor-field-group-field_0c74a0f elementor-col-100 recaptcha_v3-bottomright\">\n\t\t\t\t\t<div class=\"elementor-field\" id=\"form-field-field_0c74a0f\"><div class=\"elementor-g-recaptcha\" data-sitekey=\"6LeOvawsAAAAAB02Hk2fGWIf8UiNYfRN6MFgR1RO\" data-type=\"v3\" data-action=\"Form\" data-badge=\"bottomright\" data-size=\"invisible\"><\/div><\/div>\t\t\t\t<\/div>\n\t\t\t\t\t\t\t\t<div class=\"elementor-field-group elementor-column elementor-field-type-submit elementor-col-100 e-form__buttons\">\n\t\t\t\t\t<button class=\"elementor-button elementor-size-sm\" type=\"submit\">\n\t\t\t\t\t\t<span class=\"elementor-button-content-wrapper\">\n\t\t\t\t\t\t\t\t\t\t\t\t\t\t\t\t\t\t\t\t\t\t<span class=\"elementor-button-text\">Richiedi disponibilit\u00e0<\/span>\n\t\t\t\t\t\t\t\t\t\t\t\t\t<\/span>\n\t\t\t\t\t<\/button>\n\t\t\t\t<\/div>\n\t\t\t<\/div>\n\t\t<\/form>\n\t\t\t\t\t\t<\/div>\n\t\t\t\t<\/div>\n\t\t\t\t<\/div>\n\t\t\t\t<\/div>\n\t\t","protected":false},"excerpt":{"rendered":"<p>Team building a Firenze Organizza il tuo evento aziendale nella nostra nuova location Cerchi un\u2019esperienza diversa dal solito per il tuo team? Vuoi rafforzare lo spirito di squadra, celebrare un traguardo aziendale o semplicemente regalare ai tuoi colleghi una giornata speciale? Pasta Class Florence ti apre le porte della nuova sede nel centro di Firenze, [&hellip;]<\/p>\n","protected":false},"author":53,"featured_media":0,"parent":0,"menu_order":0,"comment_status":"closed","ping_status":"closed","template":"","meta":{"_acf_changed":false,"_mo_disable_npp":"","footnotes":""},"class_list":["post-11222","page","type-page","status-publish","hentry"],"acf":[],"_links":{"self":[{"href":"https:\/\/pastaclassflorence.com\/it\/wp-json\/wp\/v2\/pages\/11222","targetHints":{"allow":["GET"]}}],"collection":[{"href":"https:\/\/pastaclassflorence.com\/it\/wp-json\/wp\/v2\/pages"}],"about":[{"href":"https:\/\/pastaclassflorence.com\/it\/wp-json\/wp\/v2\/types\/page"}],"author":[{"embeddable":true,"href":"https:\/\/pastaclassflorence.com\/it\/wp-json\/wp\/v2\/users\/53"}],"replies":[{"embeddable":true,"href":"https:\/\/pastaclassflorence.com\/it\/wp-json\/wp\/v2\/comments?post=11222"}],"version-history":[{"count":0,"href":"https:\/\/pastaclassflorence.com\/it\/wp-json\/wp\/v2\/pages\/11222\/revisions"}],"wp:attachment":[{"href":"https:\/\/pastaclassflorence.com\/it\/wp-json\/wp\/v2\/media?parent=11222"}],"curies":[{"name":"wp","href":"https:\/\/api.w.org\/{rel}","templated":true}]}}